{"id":9547,"date":"2018-02-21T03:44:51","date_gmt":"2018-02-21T03:44:51","guid":{"rendered":"https:\/\/www.ccpe-cfpc.org\/?page_id=9547"},"modified":"2023-03-20T13:31:30","modified_gmt":"2023-03-20T17:31:30","slug":"legal-politique-hyperlien","status":"publish","type":"page","link":"https:\/\/www.ccpe-cfpc.org\/fr\/legal-politique-hyperlien\/","title":{"rendered":"Politique sur les hyperliens"},"content":{"rendered":"<div class=\"wpb-content-wrapper\"><p>[vc_row][vc_column width=&#8221;1\/4&#8243;][vc_row_inner css=&#8221;.vc_custom_1515778478734{padding-top: 2% !important;}&#8221;][vc_column_inner][vc_column_text]<strong>Politique en mati\u00e8re de protection des renseignements<\/strong><\/p>\n<p>Le CFPC comprend et respecte l&#8217;importance que vous accordez \u00e0 la protection de vos renseignements personnels. Nous limitons la collecte de renseignements personnels vous concernant \u00e0 ceux qui sont n\u00e9cessaires aux fins \u00e9tablies.<\/p>\n<p><a href=\"https:\/\/www.ccpe-cfpc.org\/en\/legal_protection\/\">Lire la suite&#8230;<\/a>[\/vc_column_text][vc_separator color=&#8221;custom&#8221; el_width=&#8221;90&#8243; accent_color=&#8221;#0053a0&#8243;][vc_column_text]<strong>Entente de confidentialit\u00e9<\/strong><\/p>\n<p>Le CFPC s&#8217;engage \u00e0 assurer la protection des renseignements personnels en sa possession.<\/p>\n<p><a href=\"https:\/\/www.ccpe-cfpc.org\/en\/legal_confidentiality\/\">Lire la suite&#8230;<\/a>[\/vc_column_text][vc_separator color=&#8221;custom&#8221; el_width=&#8221;90&#8243; accent_color=&#8221;#0053a0&#8243;][vc_column_text]<strong>Droit d&#8217;auteur<\/strong><\/p>\n<p>La documentation pr\u00e9sent\u00e9e par le Conseil de formation pharmaceutique continue est assujettie aux clauses sur le droit d&#8217;auteur et d&#8217;exon\u00e9ration du Conseil de formation pharmaceutique continue<\/p>\n<p><a href=\"https:\/\/www.ccpe-cfpc.org\/en\/legal-droit-auteur\/\">Lire la suite&#8230;<\/a>[\/vc_column_text][\/vc_column_inner][\/vc_row_inner][\/vc_column][vc_column width=&#8221;3\/4&#8243;][vc_row_inner][vc_column_inner][vc_column_text]<\/p>\n<div class=\"wrapper cssLI CCPELayout_wrapper_design\">\n<div class=\"cssLO CCPELayout_header_wrapper_layout\">\n<div class=\"header_wrapper cssLI CCPELayout_header_wrapper_design\">\n<div class=\"cssLO CCPELayout_showcase_wrapper_layout\">\n<div class=\"showcase_wrapper cssLI CCPELayout_showcase_wrapper_design\">\n<div class=\"cssLO CCPELayout_row5_xtdalignwrapper_layout\">\n<div class=\"row5_xtdalignwrapper cssLI CCPELayout_row5_xtdalignwrapper_design\">\n<div class=\"CCPELayout_feature1_misc_right_layout\">\n<h5>L\u00e9gal | Clauses et droits<\/h5>\n<div id=\"page\">\n<div id=\"columns\">\n<div>\n<p>CFPC<br \/>\n(Conseil de formation pharmaceutique continue)<br \/>\n1370 Notre-Dame Ouest, Montr\u00e9al, QC, Canada H3C 1K8<br \/>\nT\u00e9l\u00e9phone : 514-333-8362<br \/>\nSans frais : 1-888-333-8362<br \/>\nT\u00e9l\u00e9copieur : 514-333-1119<\/p>\n<\/div>\n<\/div>\n<\/div>\n<\/div>\n<\/div>\n<\/div>\n<\/div>\n<\/div>\n<\/div>\n<\/div>\n<\/div>\n<div class=\"cssLO CCPELayout_content_wrapper_layout\">\n<div class=\"content_wrapper cssLI CCPELayout_content_wrapper_design\">\n<div class=\"cssLO CCPELayout_topcontent_wrapper_layout\">\n<div class=\"topcontent_wrapper cssLI CCPELayout_topcontent_wrapper_design\">\n<div class=\"cssLO CCPELayout_row6_xtdalignwrapper_layout\">\n<div class=\"row6_xtdalignwrapper cssLI CCPELayout_row6_xtdalignwrapper_design\">\n<div class=\"cssLO CCPELayout_topcontent_layout\">\n<div class=\"topcontent cssLI CCPELayout_topcontent_design\">\n<div class=\"CCPELayout_feature1_misc_right_layout\">\n<h2><strong>Politique sur les hyperliens<\/strong><\/h2>\n<p><strong>Hyperliens menant vers des sites Web ext\u00e9rieurs au CFPC<\/strong><\/p>\n<div class=\"CCPELayout\">\n<div class=\"cssLO CCPELayout_wrapper_layout\">\n<div class=\"cssLO CCPELayout_content_wrapper_layout\">\n<div class=\"content_wrapper cssLI CCPELayout_content_wrapper_design\">\n<div class=\"cssLO CCPELayout_topcontent_wrapper_layout\">\n<div class=\"topcontent_wrapper cssLI CCPELayout_topcontent_wrapper_design\">\n<div class=\"cssLO CCPELayout_row6_xtdalignwrapper_layout\">\n<div class=\"row6_xtdalignwrapper cssLI CCPELayout_row6_xtdalignwrapper_design\">\n<div class=\"cssLO CCPELayout_topcontent_layout\">\n<div class=\"topcontent cssLI CCPELayout_topcontent_design\">\n<div class=\"CCPELayout_feature1_misc_right_layout\">\n<p>Le pr\u00e9sent site peut contenir des hyperliens menant vers d&#8217;autres sites Web pouvant \u00eatre \u00e9labor\u00e9s ou exploit\u00e9s par des tiers non affili\u00e9s ni li\u00e9s \u00e0 l&#8217;entit\u00e9 du CFPC qui exploite le pr\u00e9sent site (le \u00abCFPC\u00bb). Ils sont fournis pour des raisons de commodit\u00e9 et \u00e0 titre d&#8217;information uniquement. Nous nous effor\u00e7ons de choisir des sites et des sources d&#8217;information fiables.<\/p>\n<p>Toutefois, en fournissant des hyperliens vers des sites Web externes, le CFPC n&#8217;endosse, ne recommande, n&#8217;approuve ni ne garantit aucun tiers, produit ou service fourni sur ces sites Web et ne collabore pas non plus d&#8217;aucune fa\u00e7on avec ce tiers et ses sites Web, sauf mention contraire du CFPC.<\/p>\n<p>Nous ne sommes aucunement responsables du contenu de ces sites. Vous utilisez les liens qui suivent \u00e0 vos propres risques, et le CFPC ne peut \u00eatre tenue responsable des pertes ou des dommages subis par vous lors de l\u2019utilisation de ces sites. Le CFPC n\u2019est pas partie aux contrats pass\u00e9s entre vous et le fournisseur du site Web externe, sauf disposition contraire express\u00e9ment \u00e9tablie ou convenue par le CFPC.<\/p>\n<p>Tous les liens menant \u00e0 des sites externes contenant des logiciels t\u00e9l\u00e9chargeables ne sont fournis que pour des raisons de commodit\u00e9. Nous ne sommes aucunement responsables des difficult\u00e9s que vous pourriez \u00e9prouver en t\u00e9l\u00e9chargeant ces logiciels ni des cons\u00e9quences qui pourraient en r\u00e9sulter. Nous vous rappelons que les logiciels t\u00e9l\u00e9charg\u00e9s sur Internet peuvent \u00eatre prot\u00e9g\u00e9s par une licence d&#8217;utilisation. Le non-respect des modalit\u00e9s de la licence d&#8217;utilisation peut contrevenir aux droits de propri\u00e9t\u00e9 intellectuelle du fournisseur concern\u00e9, ce dont nous ne pouvons en aucun cas \u00eatre tenus responsables.<\/p>\n<p>Enfin, lorsque vous cliquez sur un lien et quittez notre site Internet, vous \u00eates assujetti aux modalit\u00e9s d&#8217;utilisation et \u00e0 la politique de confidentialit\u00e9 du site que vous vous appr\u00eatez \u00e0 consulter.<\/p>\n<\/div>\n<\/div>\n<\/div>\n<\/div>\n<\/div>\n<\/div>\n<\/div>\n<\/div>\n<\/div>\n<\/div>\n<\/div>\n<p><strong><br \/>\nHyperliens menant au pr\u00e9sent site Web et fournis par des sites externes<\/strong><\/p>\n<div class=\"CCPELayout\">\n<div class=\"cssLO CCPELayout_wrapper_layout\">\n<div class=\"cssLO CCPELayout_content_wrapper_layout\">\n<div class=\"content_wrapper cssLI CCPELayout_content_wrapper_design\">\n<div class=\"cssLO CCPELayout_topcontent_wrapper_layout\">\n<div class=\"topcontent_wrapper cssLI CCPELayout_topcontent_wrapper_design\">\n<div class=\"cssLO CCPELayout_row6_xtdalignwrapper_layout\">\n<div class=\"row6_xtdalignwrapper cssLI CCPELayout_row6_xtdalignwrapper_design\">\n<div class=\"cssLO CCPELayout_topcontent_layout\">\n<div class=\"topcontent cssLI CCPELayout_topcontent_design\">\n<div class=\"CCPELayout_feature1_misc_right_layout\">\n<p>Vous devez toujours obtenir le consentement \u00e9crit du CFPC avant de cr\u00e9er un hyperlien, quel qu&#8217;il soit, menant du site Web d&#8217;un tiers \u00e0 un site du CFPC. Le CFPC se r\u00e9serve le droit, \u00e0 sa discr\u00e9tion absolue, de donner ou non son approbation. Le CFPC n&#8217;est pas responsable de la cr\u00e9ation d&#8217;un hyperlien \u00e9tabli sur un site externe et menant au pr\u00e9sent site. Ce type d&#8217;hyperlien ne peut \u00eatre consid\u00e9r\u00e9 comme une forme de coop\u00e9ration entre le CFPC et les sites externes ni comme une approbation de ces sites de la part du CFPC. Sauf indication contraire, tout hyperlien menant au pr\u00e9sent site doit passer directement par la page d&#8217;accueil de notre site Web. Aucun cadrage ni lien profond n&#8217;est permis.<\/p>\n<p>Le CFPC ne peut \u00eatre tenue responsable des pertes ou des dommages subis par vous ou par un tiers dans le cadre de l&#8217;utilisation d&#8217;un de ces liens. En tout temps et \u00e0 sa discr\u00e9tion, le CFPC se r\u00e9serve le droit d&#8217;annuler toute autorisation de fournir un lien (plein texte ou autre) et d&#8217;exiger la suppression d&#8217;un tel lien vers un site du CFPC.<\/p>\n<p>IMPORTANT : En acc\u00e9dant au pr\u00e9sent site et \u00e0 ses pages, vous acceptez les modalit\u00e9s \u00e9tablies ci-dessus ainsi que les modalit\u00e9s g\u00e9n\u00e9rales pr\u00e9cis\u00e9es dans les notes juridiques du site.<\/p>\n<p>CFPC &#8211; Tous droits r\u00e9serv\u00e9s.<\/p>\n<\/div>\n<\/div>\n<\/div>\n<\/div>\n<\/div>\n<\/div>\n<\/div>\n<\/div>\n<\/div>\n<\/div>\n<\/div>\n<\/div>\n<\/div>\n<\/div>\n<\/div>\n<\/div>\n<\/div>\n<\/div>\n<\/div>\n<\/div>\n<p>[\/vc_column_text][\/vc_column_inner][\/vc_row_inner][\/vc_column][\/vc_row]<\/p>\n<\/div>","protected":false},"excerpt":{"rendered":"<p>[vc_row][vc_column width=&#8221;1\/4&#8243;][vc_row_inner css=&#8221;.vc_custom_1515778478734{padding-top: 2% !important;}&#8221;][vc_column_inner][vc_column_text]Politique en mati\u00e8re de protection des renseignements Le CFPC comprend et respecte l&#8217;importance que vous accordez \u00e0 la protection de vos renseignements personnels. Nous limitons la collecte de renseignements personnels vous concernant \u00e0 ceux qui sont &hellip; <\/p>\n","protected":false},"author":9,"featured_media":0,"parent":0,"menu_order":0,"comment_status":"closed","ping_status":"closed","template":"","meta":{"footnotes":""},"class_list":["post-9547","page","type-page","status-publish","hentry"],"yoast_head":"<!-- This site is optimized with the Yoast SEO plugin v25.6 - https:\/\/yoast.com\/wordpress\/plugins\/seo\/ -->\n<title>Politique sur les hyperliens - CCPE-CFPC<\/title>\n<meta name=\"description\" content=\"This site may provide hyperlinks to other websites published by third parties who are not affiliated with or in any way related to CCPE. Learn more here.\" \/>\n<meta name=\"robots\" content=\"index, follow, max-snippet:-1, max-image-preview:large, max-video-preview:-1\" \/>\n<link rel=\"canonical\" href=\"https:\/\/www.ccpe-cfpc.org\/fr\/legal-politique-hyperlien\/\" \/>\n<meta property=\"og:locale\" content=\"fr_FR\" \/>\n<meta property=\"og:type\" content=\"article\" \/>\n<meta property=\"og:title\" content=\"Politique sur les hyperliens - CCPE-CFPC\" \/>\n<meta property=\"og:description\" content=\"This site may provide hyperlinks to other websites published by third parties who are not affiliated with or in any way related to CCPE. Learn more here.\" \/>\n<meta property=\"og:url\" content=\"https:\/\/www.ccpe-cfpc.org\/fr\/legal-politique-hyperlien\/\" \/>\n<meta property=\"og:site_name\" content=\"CCPE-CFPC\" \/>\n<meta property=\"article:modified_time\" content=\"2023-03-20T17:31:30+00:00\" \/>\n<meta name=\"twitter:card\" content=\"summary_large_image\" \/>\n<meta name=\"twitter:label1\" content=\"Dur\u00e9e de lecture estim\u00e9e\" \/>\n\t<meta name=\"twitter:data1\" content=\"3 minutes\" \/>\n<script type=\"application\/ld+json\" class=\"yoast-schema-graph\">{\"@context\":\"https:\/\/schema.org\",\"@graph\":[{\"@type\":\"WebPage\",\"@id\":\"https:\/\/www.ccpe-cfpc.org\/fr\/legal-politique-hyperlien\/\",\"url\":\"https:\/\/www.ccpe-cfpc.org\/fr\/legal-politique-hyperlien\/\",\"name\":\"Politique sur les hyperliens - CCPE-CFPC\",\"isPartOf\":{\"@id\":\"https:\/\/www.ccpe-cfpc.org\/en\/#website\"},\"datePublished\":\"2018-02-21T03:44:51+00:00\",\"dateModified\":\"2023-03-20T17:31:30+00:00\",\"description\":\"This site may provide hyperlinks to other websites published by third parties who are not affiliated with or in any way related to CCPE. Learn more here.\",\"breadcrumb\":{\"@id\":\"https:\/\/www.ccpe-cfpc.org\/fr\/legal-politique-hyperlien\/#breadcrumb\"},\"inLanguage\":\"fr-FR\",\"potentialAction\":[{\"@type\":\"ReadAction\",\"target\":[\"https:\/\/www.ccpe-cfpc.org\/fr\/legal-politique-hyperlien\/\"]}]},{\"@type\":\"BreadcrumbList\",\"@id\":\"https:\/\/www.ccpe-cfpc.org\/fr\/legal-politique-hyperlien\/#breadcrumb\",\"itemListElement\":[{\"@type\":\"ListItem\",\"position\":1,\"name\":\"Home\",\"item\":\"https:\/\/www.ccpe-cfpc.org\/fr\/\"},{\"@type\":\"ListItem\",\"position\":2,\"name\":\"Politique sur les hyperliens\"}]},{\"@type\":\"WebSite\",\"@id\":\"https:\/\/www.ccpe-cfpc.org\/en\/#website\",\"url\":\"https:\/\/www.ccpe-cfpc.org\/en\/\",\"name\":\"CCPE-CFPC\",\"description\":\"\",\"potentialAction\":[{\"@type\":\"SearchAction\",\"target\":{\"@type\":\"EntryPoint\",\"urlTemplate\":\"https:\/\/www.ccpe-cfpc.org\/en\/?s={search_term_string}\"},\"query-input\":{\"@type\":\"PropertyValueSpecification\",\"valueRequired\":true,\"valueName\":\"search_term_string\"}}],\"inLanguage\":\"fr-FR\"}]}<\/script>\n<!-- \/ Yoast SEO plugin. -->","yoast_head_json":{"title":"Politique sur les hyperliens - CCPE-CFPC","description":"This site may provide hyperlinks to other websites published by third parties who are not affiliated with or in any way related to CCPE. Learn more here.","robots":{"index":"index","follow":"follow","max-snippet":"max-snippet:-1","max-image-preview":"max-image-preview:large","max-video-preview":"max-video-preview:-1"},"canonical":"https:\/\/www.ccpe-cfpc.org\/fr\/legal-politique-hyperlien\/","og_locale":"fr_FR","og_type":"article","og_title":"Politique sur les hyperliens - CCPE-CFPC","og_description":"This site may provide hyperlinks to other websites published by third parties who are not affiliated with or in any way related to CCPE. Learn more here.","og_url":"https:\/\/www.ccpe-cfpc.org\/fr\/legal-politique-hyperlien\/","og_site_name":"CCPE-CFPC","article_modified_time":"2023-03-20T17:31:30+00:00","twitter_card":"summary_large_image","twitter_misc":{"Dur\u00e9e de lecture estim\u00e9e":"3 minutes"},"schema":{"@context":"https:\/\/schema.org","@graph":[{"@type":"WebPage","@id":"https:\/\/www.ccpe-cfpc.org\/fr\/legal-politique-hyperlien\/","url":"https:\/\/www.ccpe-cfpc.org\/fr\/legal-politique-hyperlien\/","name":"Politique sur les hyperliens - CCPE-CFPC","isPartOf":{"@id":"https:\/\/www.ccpe-cfpc.org\/en\/#website"},"datePublished":"2018-02-21T03:44:51+00:00","dateModified":"2023-03-20T17:31:30+00:00","description":"This site may provide hyperlinks to other websites published by third parties who are not affiliated with or in any way related to CCPE. Learn more here.","breadcrumb":{"@id":"https:\/\/www.ccpe-cfpc.org\/fr\/legal-politique-hyperlien\/#breadcrumb"},"inLanguage":"fr-FR","potentialAction":[{"@type":"ReadAction","target":["https:\/\/www.ccpe-cfpc.org\/fr\/legal-politique-hyperlien\/"]}]},{"@type":"BreadcrumbList","@id":"https:\/\/www.ccpe-cfpc.org\/fr\/legal-politique-hyperlien\/#breadcrumb","itemListElement":[{"@type":"ListItem","position":1,"name":"Home","item":"https:\/\/www.ccpe-cfpc.org\/fr\/"},{"@type":"ListItem","position":2,"name":"Politique sur les hyperliens"}]},{"@type":"WebSite","@id":"https:\/\/www.ccpe-cfpc.org\/en\/#website","url":"https:\/\/www.ccpe-cfpc.org\/en\/","name":"CCPE-CFPC","description":"","potentialAction":[{"@type":"SearchAction","target":{"@type":"EntryPoint","urlTemplate":"https:\/\/www.ccpe-cfpc.org\/en\/?s={search_term_string}"},"query-input":{"@type":"PropertyValueSpecification","valueRequired":true,"valueName":"search_term_string"}}],"inLanguage":"fr-FR"}]}},"_links":{"self":[{"href":"https:\/\/www.ccpe-cfpc.org\/fr\/wp-json\/wp\/v2\/pages\/9547","targetHints":{"allow":["GET"]}}],"collection":[{"href":"https:\/\/www.ccpe-cfpc.org\/fr\/wp-json\/wp\/v2\/pages"}],"about":[{"href":"https:\/\/www.ccpe-cfpc.org\/fr\/wp-json\/wp\/v2\/types\/page"}],"author":[{"embeddable":true,"href":"https:\/\/www.ccpe-cfpc.org\/fr\/wp-json\/wp\/v2\/users\/9"}],"replies":[{"embeddable":true,"href":"https:\/\/www.ccpe-cfpc.org\/fr\/wp-json\/wp\/v2\/comments?post=9547"}],"version-history":[{"count":0,"href":"https:\/\/www.ccpe-cfpc.org\/fr\/wp-json\/wp\/v2\/pages\/9547\/revisions"}],"wp:attachment":[{"href":"https:\/\/www.ccpe-cfpc.org\/fr\/wp-json\/wp\/v2\/media?parent=9547"}],"curies":[{"name":"wp","href":"https:\/\/api.w.org\/{rel}","templated":true}]}}