{"id":8884,"date":"2015-11-03T02:45:28","date_gmt":"2015-11-03T02:45:28","guid":{"rendered":"https:\/\/www.ccpe-cfpc.org\/?page_id=8884"},"modified":"2023-05-03T08:45:39","modified_gmt":"2023-05-03T12:45:39","slug":"course-selection-2-2-2-2","status":"publish","type":"page","link":"https:\/\/www.ccpe-cfpc.org\/fr\/course-selection-2-2-2-2\/","title":{"rendered":"Cours du CFPC"},"content":{"rendered":"<div class=\"wpb-content-wrapper\"><p>[vc_row][vc_column][vc_column_text css=&#8221;.vc_custom_1683117933276{margin-bottom: 0px !important;padding-bottom: 1% !important;}&#8221;]<\/p>\n<h1 style=\"text-align: center;\">S\u00e9lectionnez votre fonction d&#8217;emploi actuelle ou celle \u00e0 laquelle vous aspirez<\/h1>\n<p>[\/vc_column_text][vc_separator color=&#8221;custom&#8221; border_width=&#8221;5&#8243; el_width=&#8221;10&#8243; accent_color=&#8221;#00539f&#8221;][vc_column_text]<\/p>\n<h5 style=\"text-align: center;\">Les cours du CFPC offrent une formation approfondie aux professionnels de tous les secteurs de l&#8217;industrie pharmaceutique.<br \/>\nS\u00e9lectionnez un champ ci-dessous pour approfondir vos connaissances.<\/h5>\n<p>[\/vc_column_text][\/vc_column][\/vc_row][vc_row gap=&#8221;35&#8243;][vc_column width=&#8221;1\/3&#8243;][vc_row_inner content_placement=&#8221;middle&#8221; el_class=&#8221;physician-facing-fr&#8221; css=&#8221;.vc_custom_1596790793263{background-color: #0053a0 !important;}&#8221; el_id=&#8221;physician-facing-fr&#8221;][vc_column_inner][vc_column_text]<\/p>\n<h2 style=\"text-align: center; margin: 0; color: #fff!important;\">Face \u00e0 un m\u00e9decin<\/h2>\n<p>[\/vc_column_text][vc_column_text css=&#8221;.vc_custom_1637765200821{padding-top: 0px !important;padding-right: 0px !important;padding-bottom: 0px !important;padding-left: 20px !important;}&#8221;]<\/p>\n<p style=\"text-align: left; margin: 0; color: #fff!important;\"><strong>Le cours d&#8217;agr\u00e9ment<\/strong><br \/>\nCode de conduite<br \/>\n<strong>Les prix des m\u00e9dicaments au Canada<\/strong><br \/>\nM\u00e9decine factuelle<br \/>\n<strong>Rx Persuasion<\/strong><\/p>\n<p>[\/vc_column_text][vc_column_text css=&#8221;.vc_custom_1534250890702{padding-top: 0px !important;padding-right: 20px !important;padding-bottom: 0px !important;padding-left: 0px !important;}&#8221;]<\/p>\n<p style=\"text-align: right; margin: 0; color: #fff!important;\">Voir plus&#8230;<\/p>\n<p>[\/vc_column_text][\/vc_column_inner][\/vc_row_inner][\/vc_column][vc_column width=&#8221;1\/3&#8243;][vc_row_inner content_placement=&#8221;middle&#8221; el_class=&#8221;marketing-che-fr&#8221; css=&#8221;.vc_custom_1522820173036{background-color: #4e2f91 !important;}&#8221;][vc_column_inner][vc_column_text]<\/p>\n<h2 style=\"text-align: center; margin: 0; color: #fff!important;\">Marketing<\/h2>\n<p>[\/vc_column_text][vc_column_text css=&#8221;.vc_custom_1637765226419{padding-top: 0px !important;padding-right: 0px !important;padding-bottom: 0px !important;padding-left: 20px !important;}&#8221;]<\/p>\n<p style=\"text-align: left; margin: 0; color: #fff!important;\"><strong>Code de conduite<\/strong><br \/>\nLes prix des m\u00e9dicaments au Canada<br \/>\n<strong>Fondamentaux de la gestion de produits<\/strong><br \/>\nLe lancement d&#8217;un produit<br \/>\n<strong>Acc\u00e8s au march\u00e9 des m\u00e9dicaments<\/strong><\/p>\n<p>[\/vc_column_text][vc_column_text css=&#8221;.vc_custom_1596793094871{padding-top: 0px !important;padding-right: 20px !important;padding-bottom: 0px !important;padding-left: 0px !important;}&#8221;]<\/p>\n<p style=\"text-align: right; margin: 0; color: #fff!important;\">Voir plus&#8230;<\/p>\n<p>[\/vc_column_text][\/vc_column_inner][\/vc_row_inner][\/vc_column][vc_column width=&#8221;1\/3&#8243;][vc_row_inner content_placement=&#8221;middle&#8221; el_class=&#8221;market-access-fr&#8221; css=&#8221;.vc_custom_1596792591938{background-color: #e0e0e0 !important;}&#8221;][vc_column_inner][vc_column_text]<\/p>\n<h2 style=\"text-align: center; margin: 0; color: #000!important;\">Acc\u00e8s au march\u00e9<\/h2>\n<p>[\/vc_column_text][vc_column_text css=&#8221;.vc_custom_1637765239640{padding-top: 0px !important;padding-right: 0px !important;padding-bottom: 0px !important;padding-left: 20px !important;}&#8221;]<\/p>\n<p style=\"text-align: left; margin: 0; color: #000!important;\"><strong>La r\u00e9silience face \u00e0 l&#8217;adversit\u00e9<\/strong><br \/>\nAcc\u00e8s au march\u00e9 des m\u00e9dicaments<br \/>\n<strong>Les prix des m\u00e9dicaments au Canada<\/strong><br \/>\nPharmaco\u00e9conomie<\/p>\n<p>[\/vc_column_text][vc_column_text css=&#8221;.vc_custom_1596793116314{padding-top: 0px !important;padding-right: 20px !important;padding-bottom: 0px !important;padding-left: 0px !important;}&#8221;]<\/p>\n<p style=\"text-align: right; margin: 0; color: #000!important;\">Voir plus&#8230;<\/p>\n<p>[\/vc_column_text][\/vc_column_inner][\/vc_row_inner][\/vc_column][\/vc_row][vc_row gap=&#8221;35&#8243; css=&#8221;.vc_custom_1518040259400{margin-top: -30px !important;}&#8221;][vc_column width=&#8221;1\/3&#8243;][vc_row_inner content_placement=&#8221;middle&#8221; el_class=&#8221;sales-people-fr&#8221; css=&#8221;.vc_custom_1522820178564{background-color: #d73247 !important;}&#8221;][vc_column_inner][vc_column_text]<\/p>\n<h2 style=\"text-align: center; margin: 0; color: #fff!important;\">Gestion des ventes et des personnes<\/h2>\n<p>[\/vc_column_text][vc_column_text css=&#8221;.vc_custom_1637765256242{padding-top: 0px !important;padding-right: 0px !important;padding-bottom: 0px !important;padding-left: 20px !important;}&#8221;]<\/p>\n<p style=\"text-align: left; margin: 0; color: #fff!important;\"><strong>Code de conduite<\/strong><br \/>\nLes prix des m\u00e9dicaments au Canada<br \/>\n<strong>M3i Supervision<\/strong><\/p>\n<p>[\/vc_column_text][vc_column_text css=&#8221;.vc_custom_1596793143727{padding-top: 0px !important;padding-right: 20px !important;padding-bottom: 0px !important;padding-left: 0px !important;}&#8221;]<\/p>\n<p style=\"text-align: right; margin: 0; color: #fff!important;\">Voir plus&#8230;<\/p>\n<p>[\/vc_column_text][\/vc_column_inner][\/vc_row_inner][\/vc_column][vc_column width=&#8221;1\/3&#8243;][vc_row_inner content_placement=&#8221;middle&#8221; el_class=&#8221;reg-medical-fr&#8221; css=&#8221;.vc_custom_1522820184579{background-color: #f5822b !important;}&#8221;][vc_column_inner][vc_column_text]<\/p>\n<h2 style=\"text-align: center; margin: 0; color: #fff!important;\">DPC, R\u00e9glementaire et m\u00e9dical<\/h2>\n<p>[\/vc_column_text][vc_column_text css=&#8221;.vc_custom_1637765273816{padding-top: 0px !important;padding-right: 0px !important;padding-bottom: 0px !important;padding-left: 20px !important;}&#8221;]<\/p>\n<p style=\"text-align: left; margin: 0; color: #fff!important;\"><strong>Code de conduite<\/strong><br \/>\nLes prix des m\u00e9dicaments au Canada<br \/>\n<strong>D\u00e9veloppement professionnel continu (DPC)<\/strong><\/p>\n<p>[\/vc_column_text][vc_column_text css=&#8221;.vc_custom_1596793157702{padding-top: 0px !important;padding-right: 20px !important;padding-bottom: 0px !important;padding-left: 0px !important;}&#8221;]<\/p>\n<p style=\"text-align: right; margin: 0; color: #fff!important;\">Voir plus&#8230;<\/p>\n<p>[\/vc_column_text][\/vc_column_inner][\/vc_row_inner][\/vc_column][vc_column width=&#8221;1\/3&#8243;][vc_row_inner content_placement=&#8221;middle&#8221; el_class=&#8221;training-hr-fr&#8221; css=&#8221;.vc_custom_1522820189911{background-color: #ffd51c !important;}&#8221;][vc_column_inner][vc_column_text]<\/p>\n<h2 style=\"text-align: center; margin: 0; color: #000!important;\">Formation et<br \/>\nRH<\/h2>\n<p>[\/vc_column_text][vc_column_text css=&#8221;.vc_custom_1637765287174{padding-top: 0px !important;padding-right: 0px !important;padding-bottom: 0px !important;padding-left: 20px !important;}&#8221;]<\/p>\n<p style=\"text-align: left; margin: 0; color: #000!important;\"><strong>Code de conduite<\/strong><br \/>\nLes prix des m\u00e9dicaments au Canada<br \/>\n<strong>Rx Persuasion<\/strong><br \/>\nM\u00e9decine factuelle<\/p>\n<p>[\/vc_column_text][vc_column_text css=&#8221;.vc_custom_1596793176462{padding-top: 0px !important;padding-right: 20px !important;padding-bottom: 0px !important;padding-left: 0px !important;}&#8221;]<\/p>\n<p style=\"text-align: right; margin: 0; color: #000!important;\">Voir plus&#8230;<\/p>\n<p>[\/vc_column_text][\/vc_column_inner][\/vc_row_inner][\/vc_column][\/vc_row][vc_row gap=&#8221;35&#8243; css=&#8221;.vc_custom_1518040259400{margin-top: -30px !important;}&#8221;][vc_column width=&#8221;1\/3&#8243;][vc_row_inner content_placement=&#8221;middle&#8221; el_class=&#8221;healthcare-professionals-fr&#8221; css=&#8221;.vc_custom_1522820195205{background-color: #333333 !important;}&#8221;][vc_column_inner][vc_column_text]<\/p>\n<h2 style=\"text-align: center; margin: 0; color: #fff!important;\">Professionnels de la sant\u00e9<\/h2>\n<p>[\/vc_column_text][vc_column_text css=&#8221;.vc_custom_1637765303262{padding-top: 0px !important;padding-right: 0px !important;padding-bottom: 0px !important;padding-left: 20px !important;}&#8221;]<\/p>\n<p style=\"text-align: left; margin: 0; color: #fff!important;\"><strong>D\u00e9veloppement professionnel continu (DPC)<\/strong><br \/>\nSoins de sant\u00e9 au Canada<br \/>\n<strong>Les prix des m\u00e9dicaments au Canada<\/strong><\/p>\n<p>[\/vc_column_text][vc_column_text css=&#8221;.vc_custom_1596793191527{padding-top: 0px !important;padding-right: 20px !important;padding-bottom: 0px !important;padding-left: 0px !important;}&#8221;]<\/p>\n<p style=\"text-align: right; margin: 0; color: #fff!important;\">Voir plus&#8230;<\/p>\n<p>[\/vc_column_text][\/vc_column_inner][\/vc_row_inner][\/vc_column][vc_column width=&#8221;1\/3&#8243;][vc_row_inner content_placement=&#8221;middle&#8221; el_class=&#8221;therapeutic-area-fr&#8221; css=&#8221;.vc_custom_1596792136047{background-color: #228b22 !important;}&#8221;][vc_column_inner][vc_column_text]<\/p>\n<h2 style=\"text-align: center; margin: 0; color: #fff!important;\">Cours<br \/>\nth\u00e9rapeutiques<\/h2>\n<p>[\/vc_column_text][vc_column_text css=&#8221;.vc_custom_1637765570178{padding-top: 0px !important;padding-right: 0px !important;padding-bottom: 0px !important;padding-left: 20px !important;}&#8221;]<\/p>\n<p style=\"text-align: left; margin: 0; color: #fff!important;\"><strong>Syndrome m\u00e9tabolique et diab\u00e8te<\/strong><br \/>\nImmunologie<br \/>\n<strong>Respirologie<\/strong><br \/>\nCardiologie<\/p>\n<p>[\/vc_column_text][vc_column_text css=&#8221;.vc_custom_1637765512690{padding-top: 0px !important;padding-right: 20px !important;padding-bottom: 0px !important;padding-left: 0px !important;}&#8221;]<\/p>\n<p style=\"text-align: right; margin: 0; color: #fff!important;\">Voir plus&#8230;<\/p>\n<p>[\/vc_column_text][\/vc_column_inner][\/vc_row_inner][\/vc_column][vc_column width=&#8221;1\/3&#8243;][\/vc_column][\/vc_row]<\/p>\n<\/div>","protected":false},"excerpt":{"rendered":"<p>[vc_row][vc_column][vc_column_text css=&#8221;.vc_custom_1683117933276{margin-bottom: 0px !important;padding-bottom: 1% !important;}&#8221;] S\u00e9lectionnez votre fonction d&#8217;emploi actuelle ou celle \u00e0 laquelle vous aspirez [\/vc_column_text][vc_separator color=&#8221;custom&#8221; border_width=&#8221;5&#8243; el_width=&#8221;10&#8243; accent_color=&#8221;#00539f&#8221;][vc_column_text] Les cours du CFPC offrent une formation approfondie aux professionnels de tous les secteurs de l&#8217;industrie pharmaceutique. S\u00e9lectionnez &hellip; <\/p>\n","protected":false},"author":9,"featured_media":0,"parent":0,"menu_order":0,"comment_status":"closed","ping_status":"closed","template":"","meta":{"footnotes":""},"class_list":["post-8884","page","type-page","status-publish","hentry"],"yoast_head":"<!-- This site is optimized with the Yoast SEO plugin v25.6 - https:\/\/yoast.com\/wordpress\/plugins\/seo\/ -->\n<title>Cours de formation pharmaceutique requis pour l&#039;agr\u00e9ment du cfpc\/ccpe.<\/title>\n<meta name=\"description\" content=\"Int\u00e9ress\u00e9 par une formation m\u00e9dicale au Canada? Nous offrons des cours accr\u00e9dit\u00e9s pour les professionnels de la sant\u00e9 dans divers domaines dont r\u00e9glementation et m\u00e9decine, formation, ventes, marketing, pharmaceutique, pharmaco\u00e9conomie et comment approcher les m\u00e9decins.\" \/>\n<meta name=\"robots\" content=\"index, follow, max-snippet:-1, max-image-preview:large, max-video-preview:-1\" \/>\n<link rel=\"canonical\" href=\"https:\/\/www.ccpe-cfpc.org\/fr\/course-selection-2-2-2-2\/\" \/>\n<meta property=\"og:locale\" content=\"fr_FR\" \/>\n<meta property=\"og:type\" content=\"article\" \/>\n<meta property=\"og:title\" content=\"Cours de formation pharmaceutique requis pour l&#039;agr\u00e9ment du cfpc\/ccpe.\" \/>\n<meta property=\"og:description\" content=\"Int\u00e9ress\u00e9 par une formation m\u00e9dicale au Canada? Nous offrons des cours accr\u00e9dit\u00e9s pour les professionnels de la sant\u00e9 dans divers domaines dont r\u00e9glementation et m\u00e9decine, formation, ventes, marketing, pharmaceutique, pharmaco\u00e9conomie et comment approcher les m\u00e9decins.\" \/>\n<meta property=\"og:url\" content=\"https:\/\/www.ccpe-cfpc.org\/fr\/course-selection-2-2-2-2\/\" \/>\n<meta property=\"og:site_name\" content=\"CCPE-CFPC\" \/>\n<meta property=\"article:modified_time\" content=\"2023-05-03T12:45:39+00:00\" \/>\n<meta name=\"twitter:card\" content=\"summary_large_image\" \/>\n<meta name=\"twitter:label1\" content=\"Dur\u00e9e de lecture estim\u00e9e\" \/>\n\t<meta name=\"twitter:data1\" content=\"2 minutes\" \/>\n<script type=\"application\/ld+json\" class=\"yoast-schema-graph\">{\"@context\":\"https:\/\/schema.org\",\"@graph\":[{\"@type\":\"WebPage\",\"@id\":\"https:\/\/www.ccpe-cfpc.org\/fr\/course-selection-2-2-2-2\/\",\"url\":\"https:\/\/www.ccpe-cfpc.org\/fr\/course-selection-2-2-2-2\/\",\"name\":\"Cours de formation pharmaceutique requis pour l'agr\u00e9ment du cfpc\/ccpe.\",\"isPartOf\":{\"@id\":\"https:\/\/www.ccpe-cfpc.org\/en\/#website\"},\"datePublished\":\"2015-11-03T02:45:28+00:00\",\"dateModified\":\"2023-05-03T12:45:39+00:00\",\"description\":\"Int\u00e9ress\u00e9 par une formation m\u00e9dicale au Canada? Nous offrons des cours accr\u00e9dit\u00e9s pour les professionnels de la sant\u00e9 dans divers domaines dont r\u00e9glementation et m\u00e9decine, formation, ventes, marketing, pharmaceutique, pharmaco\u00e9conomie et comment approcher les m\u00e9decins.\",\"breadcrumb\":{\"@id\":\"https:\/\/www.ccpe-cfpc.org\/fr\/course-selection-2-2-2-2\/#breadcrumb\"},\"inLanguage\":\"fr-FR\",\"potentialAction\":[{\"@type\":\"ReadAction\",\"target\":[\"https:\/\/www.ccpe-cfpc.org\/fr\/course-selection-2-2-2-2\/\"]}]},{\"@type\":\"BreadcrumbList\",\"@id\":\"https:\/\/www.ccpe-cfpc.org\/fr\/course-selection-2-2-2-2\/#breadcrumb\",\"itemListElement\":[{\"@type\":\"ListItem\",\"position\":1,\"name\":\"Home\",\"item\":\"https:\/\/www.ccpe-cfpc.org\/fr\/\"},{\"@type\":\"ListItem\",\"position\":2,\"name\":\"Cours du CFPC\"}]},{\"@type\":\"WebSite\",\"@id\":\"https:\/\/www.ccpe-cfpc.org\/en\/#website\",\"url\":\"https:\/\/www.ccpe-cfpc.org\/en\/\",\"name\":\"CCPE-CFPC\",\"description\":\"\",\"potentialAction\":[{\"@type\":\"SearchAction\",\"target\":{\"@type\":\"EntryPoint\",\"urlTemplate\":\"https:\/\/www.ccpe-cfpc.org\/en\/?s={search_term_string}\"},\"query-input\":{\"@type\":\"PropertyValueSpecification\",\"valueRequired\":true,\"valueName\":\"search_term_string\"}}],\"inLanguage\":\"fr-FR\"}]}<\/script>\n<!-- \/ Yoast SEO plugin. -->","yoast_head_json":{"title":"Cours de formation pharmaceutique requis pour l'agr\u00e9ment du cfpc\/ccpe.","description":"Int\u00e9ress\u00e9 par une formation m\u00e9dicale au Canada? Nous offrons des cours accr\u00e9dit\u00e9s pour les professionnels de la sant\u00e9 dans divers domaines dont r\u00e9glementation et m\u00e9decine, formation, ventes, marketing, pharmaceutique, pharmaco\u00e9conomie et comment approcher les m\u00e9decins.","robots":{"index":"index","follow":"follow","max-snippet":"max-snippet:-1","max-image-preview":"max-image-preview:large","max-video-preview":"max-video-preview:-1"},"canonical":"https:\/\/www.ccpe-cfpc.org\/fr\/course-selection-2-2-2-2\/","og_locale":"fr_FR","og_type":"article","og_title":"Cours de formation pharmaceutique requis pour l'agr\u00e9ment du cfpc\/ccpe.","og_description":"Int\u00e9ress\u00e9 par une formation m\u00e9dicale au Canada? Nous offrons des cours accr\u00e9dit\u00e9s pour les professionnels de la sant\u00e9 dans divers domaines dont r\u00e9glementation et m\u00e9decine, formation, ventes, marketing, pharmaceutique, pharmaco\u00e9conomie et comment approcher les m\u00e9decins.","og_url":"https:\/\/www.ccpe-cfpc.org\/fr\/course-selection-2-2-2-2\/","og_site_name":"CCPE-CFPC","article_modified_time":"2023-05-03T12:45:39+00:00","twitter_card":"summary_large_image","twitter_misc":{"Dur\u00e9e de lecture estim\u00e9e":"2 minutes"},"schema":{"@context":"https:\/\/schema.org","@graph":[{"@type":"WebPage","@id":"https:\/\/www.ccpe-cfpc.org\/fr\/course-selection-2-2-2-2\/","url":"https:\/\/www.ccpe-cfpc.org\/fr\/course-selection-2-2-2-2\/","name":"Cours de formation pharmaceutique requis pour l'agr\u00e9ment du cfpc\/ccpe.","isPartOf":{"@id":"https:\/\/www.ccpe-cfpc.org\/en\/#website"},"datePublished":"2015-11-03T02:45:28+00:00","dateModified":"2023-05-03T12:45:39+00:00","description":"Int\u00e9ress\u00e9 par une formation m\u00e9dicale au Canada? Nous offrons des cours accr\u00e9dit\u00e9s pour les professionnels de la sant\u00e9 dans divers domaines dont r\u00e9glementation et m\u00e9decine, formation, ventes, marketing, pharmaceutique, pharmaco\u00e9conomie et comment approcher les m\u00e9decins.","breadcrumb":{"@id":"https:\/\/www.ccpe-cfpc.org\/fr\/course-selection-2-2-2-2\/#breadcrumb"},"inLanguage":"fr-FR","potentialAction":[{"@type":"ReadAction","target":["https:\/\/www.ccpe-cfpc.org\/fr\/course-selection-2-2-2-2\/"]}]},{"@type":"BreadcrumbList","@id":"https:\/\/www.ccpe-cfpc.org\/fr\/course-selection-2-2-2-2\/#breadcrumb","itemListElement":[{"@type":"ListItem","position":1,"name":"Home","item":"https:\/\/www.ccpe-cfpc.org\/fr\/"},{"@type":"ListItem","position":2,"name":"Cours du CFPC"}]},{"@type":"WebSite","@id":"https:\/\/www.ccpe-cfpc.org\/en\/#website","url":"https:\/\/www.ccpe-cfpc.org\/en\/","name":"CCPE-CFPC","description":"","potentialAction":[{"@type":"SearchAction","target":{"@type":"EntryPoint","urlTemplate":"https:\/\/www.ccpe-cfpc.org\/en\/?s={search_term_string}"},"query-input":{"@type":"PropertyValueSpecification","valueRequired":true,"valueName":"search_term_string"}}],"inLanguage":"fr-FR"}]}},"_links":{"self":[{"href":"https:\/\/www.ccpe-cfpc.org\/fr\/wp-json\/wp\/v2\/pages\/8884","targetHints":{"allow":["GET"]}}],"collection":[{"href":"https:\/\/www.ccpe-cfpc.org\/fr\/wp-json\/wp\/v2\/pages"}],"about":[{"href":"https:\/\/www.ccpe-cfpc.org\/fr\/wp-json\/wp\/v2\/types\/page"}],"author":[{"embeddable":true,"href":"https:\/\/www.ccpe-cfpc.org\/fr\/wp-json\/wp\/v2\/users\/9"}],"replies":[{"embeddable":true,"href":"https:\/\/www.ccpe-cfpc.org\/fr\/wp-json\/wp\/v2\/comments?post=8884"}],"version-history":[{"count":0,"href":"https:\/\/www.ccpe-cfpc.org\/fr\/wp-json\/wp\/v2\/pages\/8884\/revisions"}],"wp:attachment":[{"href":"https:\/\/www.ccpe-cfpc.org\/fr\/wp-json\/wp\/v2\/media?parent=8884"}],"curies":[{"name":"wp","href":"https:\/\/api.w.org\/{rel}","templated":true}]}}