{"id":8880,"date":"2015-10-22T03:17:26","date_gmt":"2015-10-22T03:17:26","guid":{"rendered":"https:\/\/www.ccpe-cfpc.org\/contact\/"},"modified":"2025-03-10T14:09:57","modified_gmt":"2025-03-10T18:09:57","slug":"contact-2","status":"publish","type":"page","link":"https:\/\/www.ccpe-cfpc.org\/fr\/contact-2\/","title":{"rendered":"Communiquer avec le CFPC"},"content":{"rendered":"<div class=\"wpb-content-wrapper\"><p>[vc_row css=&#8221;.vc_custom_1470926290410{margin-top: 30px !important;margin-bottom: 80px !important;}&#8221;][vc_column width=&#8221;1\/2&#8243; css=&#8221;.vc_custom_1470924989540{padding-right: 30px !important;}&#8221;][vc_row_inner][vc_column_inner][vc_column_text css=&#8221;.vc_custom_1524511868728{margin-bottom: 0px !important;}&#8221;]<\/p>\n<h1 style=\"text-align: left;\">Communiquer avec le CFPC<\/h1>\n<p>[\/vc_column_text][vc_separator color=&#8221;custom&#8221; align=&#8221;align_left&#8221; border_width=&#8221;5&#8243; el_width=&#8221;10&#8243; accent_color=&#8221;#00539f&#8221;][\/vc_column_inner][\/vc_row_inner][vc_row_inner css=&#8221;.vc_custom_1470926166389{margin-right: 0px !important;margin-left: 0px !important;border-top-width: 1px !important;border-top-color: #eeeeee !important;border-top-style: solid !important;}&#8221;][vc_column_inner width=&#8221;1\/3&#8243; css=&#8221;.vc_custom_1470926141337{padding-right: 0px !important;padding-left: 0px !important;}&#8221;]<div class=\"thim-widget-icon-box template-base\"><div class=\"wrapper-box-icon has_custom_image text-left contact_info\"  ><div class=\"smicon-box iconbox-left\"><div class=\"boxes-icon\" style=\"width: 30px;\"><span class=\"inner-icon\"><span class=\"icon\"><i class=\"fa fa-phone\" style=\"color:#ffb606; font-size:24px; line-height:24px; vertical-align: middle;\"><\/i><\/span><\/span><\/div><div class=\"content-inner\"  style=\"width: calc( 100% - 30px - 15px);\"><div class=\"sc-heading article_heading\"><h3 class = \"heading__primary\" >Sans frais<\/h3><\/div><div class=\"desc-icon-box\"><div class=\"desc-content\" style=\"font-size: 14px;line-height: 21px;\">1-888-333-8362<\/div><\/div><\/div><\/div><!--end smicon-box--><\/div><\/div>[\/vc_column_inner][vc_column_inner width=&#8221;1\/3&#8243;]<div class=\"thim-widget-icon-box template-base\"><div class=\"wrapper-box-icon has_custom_image text-left contact_info\"  ><div class=\"smicon-box iconbox-left\"><div class=\"boxes-icon\" style=\"width: 30px;\"><span class=\"inner-icon\"><span class=\"icon\"><i class=\"fa fa-phone\" style=\"color:#ffb606; font-size:24px; line-height:24px; vertical-align: middle;\"><\/i><\/span><\/span><\/div><div class=\"content-inner\"  style=\"width: calc( 100% - 30px - 15px);\"><div class=\"sc-heading article_heading\"><h3 class = \"heading__primary\" >Local<\/h3><\/div><div class=\"desc-icon-box\"><div class=\"desc-content\" style=\"font-size: 14px;line-height: 21px;\">514-333-8362<\/div><\/div><\/div><\/div><!--end smicon-box--><\/div><\/div>[\/vc_column_inner][\/vc_row_inner][vc_row_inner css=&#8221;.vc_custom_1470926166389{margin-right: 0px !important;margin-left: 0px !important;border-top-width: 1px !important;border-top-color: #eeeeee !important;border-top-style: solid !important;}&#8221;][vc_column_inner css=&#8221;.vc_custom_1470926141337{padding-right: 0px !important;padding-left: 0px !important;}&#8221;]<div class=\"thim-widget-icon-box template-base\"><div class=\"wrapper-box-icon has_custom_image text-left contact_info\"  ><div class=\"smicon-box iconbox-left\"><div class=\"boxes-icon\" style=\"width: 30px;\"><a class=\"icon-box-link\" target=\"_self\" href=\"mailto:info@ccpe-cfpc.org\" ><span class=\"inner-icon\"><span class=\"icon\"><i class=\"fa fa-envelope\" style=\"color:#ffb606; font-size:24px; line-height:24px; vertical-align: middle;\"><\/i><\/span><\/span><\/a><\/div><div class=\"content-inner\"  style=\"width: calc( 100% - 30px - 15px);\"><div class=\"sc-heading article_heading\"><h3 class = \"heading__primary\" ><a class=\"icon-box-link\" target=\"_self\" href=\"mailto:info@ccpe-cfpc.org\" >Adresse courriel<\/a><\/h3><\/div><div class=\"desc-icon-box\"><div class=\"desc-content\" style=\"font-size: 14px;line-height: 21px;\"><a class=\"icon-box-link\" target=\"_self\" href=\"mailto:info@ccpe-cfpc.org\" >info@ccpe-cfpc.org<\/a><\/div><\/div><\/div><\/div><!--end smicon-box--><\/div><\/div>[\/vc_column_inner][\/vc_row_inner][vc_row_inner css=&#8221;.vc_custom_1470926166389{margin-right: 0px !important;margin-left: 0px !important;border-top-width: 1px !important;border-top-color: #eeeeee !important;border-top-style: solid !important;}&#8221;][vc_column_inner css=&#8221;.vc_custom_1470926141337{padding-right: 0px !important;padding-left: 0px !important;}&#8221;]<div class=\"thim-widget-icon-box template-base\"><div class=\"wrapper-box-icon has_custom_image text-left contact_info\"  ><div class=\"smicon-box iconbox-left\"><div class=\"boxes-icon\" style=\"width: 30px;\"><span class=\"inner-icon\"><span class=\"icon\"><i class=\"fa fa-map-marker\" style=\"color:#ffb606; font-size:24px; line-height:24px; vertical-align: middle;\"><\/i><\/span><\/span><\/div><div class=\"content-inner\"  style=\"width: calc( 100% - 30px - 15px);\"><div class=\"sc-heading article_heading\"><h3 class = \"heading__primary\" ><a class=\"smicon-box-link\" target=\"_blank\" href=\"https:\/\/www.google.ca\/maps\/place\/3333+Boulevard+de+la+C%C3%B4te-Vertu,+Saint-Laurent,+QC\/@45.4982541,-73.7097571,767m\/data=!3m2!1e3!4b1!4m5!3m4!1s0x4cc917f85faae59d:0x302f6f2e6e2d6006!8m2!3d45.4982541!4d-73.7075684?hl=en\" >Adresse<\/a><\/h3><\/div><div class=\"desc-icon-box\"><div class=\"desc-content\" style=\"font-size: 14px;line-height: 21px;\">CCPE-CFPC<br \/>\na\/s de Sheila Oakes<br \/>\n1370 Notre-Dame Ouest,<br \/>\nMontr\u00e9al, QC, Canada H3C 1K8<\/div><\/div><\/div><\/div><!--end smicon-box--><\/div><\/div>[\/vc_column_inner][\/vc_row_inner][\/vc_column][vc_column width=&#8221;1\/2&#8243; css=&#8221;.vc_custom_1470924975090{padding-left: 30px !important;}&#8221;][vc_row_inner][vc_column_inner][vc_column_text]<\/p>\n<h2>Pour nous joindre<\/h2>\n<p>Tous les champs doivent \u00eatre remplis. Veuillez v\u00e9rifier votre adresse courriel. Si cette derni\u00e8re est inexacte, il nous sera impossible de vous r\u00e9pondre. Nous vous assurons que le CFPC n\u2019utilisera votre adresse de courriel que pour communiquer avec vous au sujet de votre message.<\/p>\n<p>[\/vc_column_text][\/vc_column_inner][\/vc_row_inner][vc_column_text][\/vc_column_text]<script type=\"text\/javascript\">\n\/* <![CDATA[ *\/\nvar gform;gform||(document.addEventListener(\"gform_main_scripts_loaded\",function(){gform.scriptsLoaded=!0}),document.addEventListener(\"gform\/theme\/scripts_loaded\",function(){gform.themeScriptsLoaded=!0}),window.addEventListener(\"DOMContentLoaded\",function(){gform.domLoaded=!0}),gform={domLoaded:!1,scriptsLoaded:!1,themeScriptsLoaded:!1,isFormEditor:()=>\"function\"==typeof InitializeEditor,callIfLoaded:function(o){return!(!gform.domLoaded||!gform.scriptsLoaded||!gform.themeScriptsLoaded&&!gform.isFormEditor()||(gform.isFormEditor()&&console.warn(\"The use of gform.initializeOnLoaded() is deprecated in the form editor context and will be removed in Gravity Forms 3.1.\"),o(),0))},initializeOnLoaded:function(o){gform.callIfLoaded(o)||(document.addEventListener(\"gform_main_scripts_loaded\",()=>{gform.scriptsLoaded=!0,gform.callIfLoaded(o)}),document.addEventListener(\"gform\/theme\/scripts_loaded\",()=>{gform.themeScriptsLoaded=!0,gform.callIfLoaded(o)}),window.addEventListener(\"DOMContentLoaded\",()=>{gform.domLoaded=!0,gform.callIfLoaded(o)}))},hooks:{action:{},filter:{}},addAction:function(o,r,e,t){gform.addHook(\"action\",o,r,e,t)},addFilter:function(o,r,e,t){gform.addHook(\"filter\",o,r,e,t)},doAction:function(o){gform.doHook(\"action\",o,arguments)},applyFilters:function(o){return gform.doHook(\"filter\",o,arguments)},removeAction:function(o,r){gform.removeHook(\"action\",o,r)},removeFilter:function(o,r,e){gform.removeHook(\"filter\",o,r,e)},addHook:function(o,r,e,t,n){null==gform.hooks[o][r]&&(gform.hooks[o][r]=[]);var d=gform.hooks[o][r];null==n&&(n=r+\"_\"+d.length),gform.hooks[o][r].push({tag:n,callable:e,priority:t=null==t?10:t})},doHook:function(r,o,e){var t;if(e=Array.prototype.slice.call(e,1),null!=gform.hooks[r][o]&&((o=gform.hooks[r][o]).sort(function(o,r){return o.priority-r.priority}),o.forEach(function(o){\"function\"!=typeof(t=o.callable)&&(t=window[t]),\"action\"==r?t.apply(null,e):e[0]=t.apply(null,e)})),\"filter\"==r)return e[0]},removeHook:function(o,r,t,n){var e;null!=gform.hooks[o][r]&&(e=(e=gform.hooks[o][r]).filter(function(o,r,e){return!!(null!=n&&n!=o.tag||null!=t&&t!=o.priority)}),gform.hooks[o][r]=e)}});\n\/* ]]> *\/\n<\/script>\n\n                <div class='gf_browser_gecko gform_wrapper gform_legacy_markup_wrapper gform-theme--no-framework' data-form-theme='legacy' data-form-index='0' id='gform_wrapper_10' ><form method='post' enctype='multipart\/form-data'  id='gform_10'  action='\/fr\/wp-json\/wp\/v2\/pages\/8880' data-formid='10' novalidate>\n                        <div class='gform-body gform_body'><ul id='gform_fields_10' class='gform_fields top_label form_sublabel_below description_below validation_below'><li id=\"field_10_4\" class=\"gfield gfield--type-name gfield_contains_required field_sublabel_below gfield--no-description field_description_below field_validation_below gfield_visibility_visible\"  ><label class='gfield_label gform-field-label gfield_label_before_complex' >Nom<span class=\"gfield_required\"><span class=\"gfield_required gfield_required_asterisk\">*<\/span><\/span><\/label><div class='ginput_complex ginput_container ginput_container--name no_prefix has_first_name no_middle_name has_last_name no_suffix gf_name_has_2 ginput_container_name gform-grid-row' id='input_10_4'>\n                            \n                            <span id='input_10_4_3_container' class='name_first gform-grid-col gform-grid-col--size-auto' >\n                                                    <input type='text' name='input_4.3' id='input_10_4_3' value=''   aria-required='true'     \/>\n                                                    <label for='input_10_4_3' class='gform-field-label gform-field-label--type-sub '>Pr\u00e9nom<\/label>\n                                                <\/span>\n                            \n                            <span id='input_10_4_6_container' class='name_last gform-grid-col gform-grid-col--size-auto' >\n                                                    <input type='text' name='input_4.6' id='input_10_4_6' value=''   aria-required='true'     \/>\n                                                    <label for='input_10_4_6' class='gform-field-label gform-field-label--type-sub '>Nom<\/label>\n                                                <\/span>\n                            \n                        <\/div><\/li><li id=\"field_10_5\" class=\"gfield gfield--type-email gfield_contains_required field_sublabel_below gfield--no-description field_description_below field_validation_below gfield_visibility_visible\"  ><label class='gfield_label gform-field-label' for='input_10_5'>Adresse courriel<span class=\"gfield_required\"><span class=\"gfield_required gfield_required_asterisk\">*<\/span><\/span><\/label><div class='ginput_container ginput_container_email'>\n                            <input name='input_5' id='input_10_5' type='email' value='' class='medium'    aria-required=\"true\" aria-invalid=\"false\"  \/>\n                        <\/div><\/li><li id=\"field_10_6\" class=\"gfield gfield--type-textarea gfield_contains_required field_sublabel_below gfield--no-description field_description_below field_validation_below gfield_visibility_visible\"  ><label class='gfield_label gform-field-label' for='input_10_6'>Message<span class=\"gfield_required\"><span class=\"gfield_required gfield_required_asterisk\">*<\/span><\/span><\/label><div class='ginput_container ginput_container_textarea'><textarea name='input_6' id='input_10_6' class='textarea medium'     aria-required=\"true\" aria-invalid=\"false\"   rows='10' cols='50'><\/textarea><\/div><\/li><li id=\"field_10_7\" class=\"gfield gfield--type-honeypot gform_validation_container field_sublabel_below gfield--has-description field_description_below field_validation_below gfield_visibility_visible\"  ><label class='gfield_label gform-field-label' for='input_10_7'>Email<\/label><div class='ginput_container'><input name='input_7' id='input_10_7' type='text' value='' autocomplete='new-password'\/><\/div><div class='gfield_description' id='gfield_description_10_7'>Ce champ n\u2019est utilis\u00e9 qu\u2019\u00e0 des fins de validation et devrait rester inchang\u00e9.<\/div><\/li><\/ul><\/div>\n        <div class='gform-footer gform_footer top_label'> <input type='submit' id='gform_submit_button_10' class='gform_button button' onclick='gform.submission.handleButtonClick(this);' data-submission-type='submit' value='Soumettre'  \/> \n            <input type='hidden' class='gform_hidden' name='gform_submission_method' data-js='gform_submission_method_10' value='postback' \/>\n            <input type='hidden' class='gform_hidden' name='gform_theme' data-js='gform_theme_10' id='gform_theme_10' value='legacy' \/>\n            <input type='hidden' class='gform_hidden' name='gform_style_settings' data-js='gform_style_settings_10' id='gform_style_settings_10' value='[]' \/>\n            <input type='hidden' class='gform_hidden' name='is_submit_10' value='1' \/>\n            <input type='hidden' class='gform_hidden' name='gform_submit' value='10' \/>\n            \n            <input type='hidden' class='gform_hidden' name='gform_unique_id' value='' \/>\n            <input type='hidden' class='gform_hidden' name='state_10' value='WyJbXSIsImE3YWE0NDQ1ZjM5ODY0MDI5ODM5MmExZmZhYmQxOTc5Il0=' \/>\n            <input type='hidden' autocomplete='off' class='gform_hidden' name='gform_target_page_number_10' id='gform_target_page_number_10' value='0' \/>\n            <input type='hidden' autocomplete='off' class='gform_hidden' name='gform_source_page_number_10' id='gform_source_page_number_10' value='1' \/>\n            <input type='hidden' name='gform_field_values' value='' \/>\n            \n        <\/div>\n                        <\/form>\n                        <\/div><script type=\"text\/javascript\">\n\/* <![CDATA[ *\/\n gform.initializeOnLoaded( function() {gformInitSpinner( 10, 'https:\/\/www.ccpe-cfpc.org\/wp-content\/plugins\/gravityforms\/images\/spinner.svg', true );jQuery('#gform_ajax_frame_10').on('load',function(){var contents = jQuery(this).contents().find('*').html();var is_postback = contents.indexOf('GF_AJAX_POSTBACK') >= 0;if(!is_postback){return;}var form_content = jQuery(this).contents().find('#gform_wrapper_10');var is_confirmation = jQuery(this).contents().find('#gform_confirmation_wrapper_10').length > 0;var is_redirect = contents.indexOf('gformRedirect(){') >= 0;var is_form = form_content.length > 0 && ! is_redirect && ! is_confirmation;var mt = parseInt(jQuery('html').css('margin-top'), 10) + parseInt(jQuery('body').css('margin-top'), 10) + 100;if(is_form){jQuery('#gform_wrapper_10').html(form_content.html());if(form_content.hasClass('gform_validation_error')){jQuery('#gform_wrapper_10').addClass('gform_validation_error');} else {jQuery('#gform_wrapper_10').removeClass('gform_validation_error');}setTimeout( function() { \/* delay the scroll by 50 milliseconds to fix a bug in chrome *\/  }, 50 );if(window['gformInitDatepicker']) {gformInitDatepicker();}if(window['gformInitPriceFields']) {gformInitPriceFields();}var current_page = jQuery('#gform_source_page_number_10').val();gformInitSpinner( 10, 'https:\/\/www.ccpe-cfpc.org\/wp-content\/plugins\/gravityforms\/images\/spinner.svg', true );jQuery(document).trigger('gform_page_loaded', [10, current_page]);window['gf_submitting_10'] = false;}else if(!is_redirect){var confirmation_content = jQuery(this).contents().find('.GF_AJAX_POSTBACK').html();if(!confirmation_content){confirmation_content = contents;}jQuery('#gform_wrapper_10').replaceWith(confirmation_content);jQuery(document).trigger('gform_confirmation_loaded', [10]);window['gf_submitting_10'] = false;wp.a11y.speak(jQuery('#gform_confirmation_message_10').text());}else{jQuery('#gform_10').append(contents);if(window['gformRedirect']) {gformRedirect();}}jQuery(document).trigger(\"gform_pre_post_render\", [{ formId: \"10\", currentPage: \"current_page\", abort: function() { this.preventDefault(); } }]);        if (event && event.defaultPrevented) {                return;        }        const gformWrapperDiv = document.getElementById( \"gform_wrapper_10\" );        if ( gformWrapperDiv ) {            const visibilitySpan = document.createElement( \"span\" );            visibilitySpan.id = \"gform_visibility_test_10\";            gformWrapperDiv.insertAdjacentElement( \"afterend\", visibilitySpan );        }        const visibilityTestDiv = document.getElementById( \"gform_visibility_test_10\" );        let postRenderFired = false;        function triggerPostRender() {            if ( postRenderFired ) {                return;            }            postRenderFired = true;            gform.core.triggerPostRenderEvents( 10, current_page );            if ( visibilityTestDiv ) {                visibilityTestDiv.parentNode.removeChild( visibilityTestDiv );            }        }        function debounce( func, wait, immediate ) {            var timeout;            return function() {                var context = this, args = arguments;                var later = function() {                    timeout = null;                    if ( !immediate ) func.apply( context, args );                };                var callNow = immediate && !timeout;                clearTimeout( timeout );                timeout = setTimeout( later, wait );                if ( callNow ) func.apply( context, args );            };        }        const debouncedTriggerPostRender = debounce( function() {            triggerPostRender();        }, 200 );        if ( visibilityTestDiv && visibilityTestDiv.offsetParent === null ) {            const observer = new MutationObserver( ( mutations ) => {                mutations.forEach( ( mutation ) => {                    if ( mutation.type === 'attributes' && visibilityTestDiv.offsetParent !== null ) {                        debouncedTriggerPostRender();                        observer.disconnect();                    }                });            });            observer.observe( document.body, {                attributes: true,                childList: false,                subtree: true,                attributeFilter: [ 'style', 'class' ],            });        } else {            triggerPostRender();        }    } );} ); \n\/* ]]> *\/\n<\/script>\n[\/vc_column][\/vc_row]<\/p>\n<\/div>","protected":false},"excerpt":{"rendered":"<p>[vc_row css=&#8221;.vc_custom_1470926290410{margin-top: 30px !important;margin-bottom: 80px !important;}&#8221;][vc_column width=&#8221;1\/2&#8243; css=&#8221;.vc_custom_1470924989540{padding-right: 30px !important;}&#8221;][vc_row_inner][vc_column_inner][vc_column_text css=&#8221;.vc_custom_1524511868728{margin-bottom: 0px !important;}&#8221;] Communiquer avec le CFPC [\/vc_column_text][vc_separator color=&#8221;custom&#8221; align=&#8221;align_left&#8221; border_width=&#8221;5&#8243; el_width=&#8221;10&#8243; accent_color=&#8221;#00539f&#8221;][\/vc_column_inner][\/vc_row_inner][vc_row_inner css=&#8221;.vc_custom_1470926166389{margin-right: 0px !important;margin-left: 0px !important;border-top-width: 1px !important;border-top-color: #eeeeee !important;border-top-style: solid !important;}&#8221;][vc_column_inner width=&#8221;1\/3&#8243; css=&#8221;.vc_custom_1470926141337{padding-right: 0px !important;padding-left: 0px !important;}&#8221;][\/vc_column_inner][vc_column_inner &hellip; <\/p>\n","protected":false},"author":9,"featured_media":0,"parent":0,"menu_order":0,"comment_status":"closed","ping_status":"closed","template":"","meta":{"footnotes":""},"class_list":["post-8880","page","type-page","status-publish","hentry"],"yoast_head":"<!-- This site is optimized with the Yoast SEO plugin v25.6 - https:\/\/yoast.com\/wordpress\/plugins\/seo\/ -->\n<title>Communiquer avec le Conseil de formation pharmaceutique continue (CFPC)<\/title>\n<meta name=\"description\" content=\"N&#039;h\u00e9sitez pas \u00e0 communiquer avec le Conseil de formation pharmaceutique continue (CFPC) pour toute question concernant nos cours.\" \/>\n<meta name=\"robots\" content=\"index, follow, max-snippet:-1, max-image-preview:large, max-video-preview:-1\" \/>\n<link rel=\"canonical\" href=\"https:\/\/www.ccpe-cfpc.org\/fr\/contact-2\/\" \/>\n<meta property=\"og:locale\" content=\"fr_FR\" \/>\n<meta property=\"og:type\" content=\"article\" \/>\n<meta property=\"og:title\" content=\"Communiquer avec le Conseil de formation pharmaceutique continue (CFPC)\" \/>\n<meta property=\"og:description\" content=\"N&#039;h\u00e9sitez pas \u00e0 communiquer avec le Conseil de formation pharmaceutique continue (CFPC) pour toute question concernant nos cours.\" \/>\n<meta property=\"og:url\" content=\"https:\/\/www.ccpe-cfpc.org\/fr\/contact-2\/\" \/>\n<meta property=\"og:site_name\" content=\"CCPE-CFPC\" \/>\n<meta property=\"article:modified_time\" content=\"2025-03-10T18:09:57+00:00\" \/>\n<meta name=\"twitter:card\" content=\"summary_large_image\" \/>\n<meta name=\"twitter:label1\" content=\"Dur\u00e9e de lecture estim\u00e9e\" \/>\n\t<meta name=\"twitter:data1\" content=\"1 minute\" \/>\n<script type=\"application\/ld+json\" class=\"yoast-schema-graph\">{\"@context\":\"https:\/\/schema.org\",\"@graph\":[{\"@type\":\"WebPage\",\"@id\":\"https:\/\/www.ccpe-cfpc.org\/fr\/contact-2\/\",\"url\":\"https:\/\/www.ccpe-cfpc.org\/fr\/contact-2\/\",\"name\":\"Communiquer avec le Conseil de formation pharmaceutique continue (CFPC)\",\"isPartOf\":{\"@id\":\"https:\/\/www.ccpe-cfpc.org\/en\/#website\"},\"datePublished\":\"2015-10-22T03:17:26+00:00\",\"dateModified\":\"2025-03-10T18:09:57+00:00\",\"description\":\"N'h\u00e9sitez pas \u00e0 communiquer avec le Conseil de formation pharmaceutique continue (CFPC) pour toute question concernant nos cours.\",\"breadcrumb\":{\"@id\":\"https:\/\/www.ccpe-cfpc.org\/fr\/contact-2\/#breadcrumb\"},\"inLanguage\":\"fr-FR\",\"potentialAction\":[{\"@type\":\"ReadAction\",\"target\":[\"https:\/\/www.ccpe-cfpc.org\/fr\/contact-2\/\"]}]},{\"@type\":\"BreadcrumbList\",\"@id\":\"https:\/\/www.ccpe-cfpc.org\/fr\/contact-2\/#breadcrumb\",\"itemListElement\":[{\"@type\":\"ListItem\",\"position\":1,\"name\":\"Home\",\"item\":\"https:\/\/www.ccpe-cfpc.org\/fr\/\"},{\"@type\":\"ListItem\",\"position\":2,\"name\":\"Communiquer avec le CFPC\"}]},{\"@type\":\"WebSite\",\"@id\":\"https:\/\/www.ccpe-cfpc.org\/en\/#website\",\"url\":\"https:\/\/www.ccpe-cfpc.org\/en\/\",\"name\":\"CCPE-CFPC\",\"description\":\"\",\"potentialAction\":[{\"@type\":\"SearchAction\",\"target\":{\"@type\":\"EntryPoint\",\"urlTemplate\":\"https:\/\/www.ccpe-cfpc.org\/en\/?s={search_term_string}\"},\"query-input\":{\"@type\":\"PropertyValueSpecification\",\"valueRequired\":true,\"valueName\":\"search_term_string\"}}],\"inLanguage\":\"fr-FR\"}]}<\/script>\n<!-- \/ Yoast SEO plugin. -->","yoast_head_json":{"title":"Communiquer avec le Conseil de formation pharmaceutique continue (CFPC)","description":"N'h\u00e9sitez pas \u00e0 communiquer avec le Conseil de formation pharmaceutique continue (CFPC) pour toute question concernant nos cours.","robots":{"index":"index","follow":"follow","max-snippet":"max-snippet:-1","max-image-preview":"max-image-preview:large","max-video-preview":"max-video-preview:-1"},"canonical":"https:\/\/www.ccpe-cfpc.org\/fr\/contact-2\/","og_locale":"fr_FR","og_type":"article","og_title":"Communiquer avec le Conseil de formation pharmaceutique continue (CFPC)","og_description":"N'h\u00e9sitez pas \u00e0 communiquer avec le Conseil de formation pharmaceutique continue (CFPC) pour toute question concernant nos cours.","og_url":"https:\/\/www.ccpe-cfpc.org\/fr\/contact-2\/","og_site_name":"CCPE-CFPC","article_modified_time":"2025-03-10T18:09:57+00:00","twitter_card":"summary_large_image","twitter_misc":{"Dur\u00e9e de lecture estim\u00e9e":"1 minute"},"schema":{"@context":"https:\/\/schema.org","@graph":[{"@type":"WebPage","@id":"https:\/\/www.ccpe-cfpc.org\/fr\/contact-2\/","url":"https:\/\/www.ccpe-cfpc.org\/fr\/contact-2\/","name":"Communiquer avec le Conseil de formation pharmaceutique continue (CFPC)","isPartOf":{"@id":"https:\/\/www.ccpe-cfpc.org\/en\/#website"},"datePublished":"2015-10-22T03:17:26+00:00","dateModified":"2025-03-10T18:09:57+00:00","description":"N'h\u00e9sitez pas \u00e0 communiquer avec le Conseil de formation pharmaceutique continue (CFPC) pour toute question concernant nos cours.","breadcrumb":{"@id":"https:\/\/www.ccpe-cfpc.org\/fr\/contact-2\/#breadcrumb"},"inLanguage":"fr-FR","potentialAction":[{"@type":"ReadAction","target":["https:\/\/www.ccpe-cfpc.org\/fr\/contact-2\/"]}]},{"@type":"BreadcrumbList","@id":"https:\/\/www.ccpe-cfpc.org\/fr\/contact-2\/#breadcrumb","itemListElement":[{"@type":"ListItem","position":1,"name":"Home","item":"https:\/\/www.ccpe-cfpc.org\/fr\/"},{"@type":"ListItem","position":2,"name":"Communiquer avec le CFPC"}]},{"@type":"WebSite","@id":"https:\/\/www.ccpe-cfpc.org\/en\/#website","url":"https:\/\/www.ccpe-cfpc.org\/en\/","name":"CCPE-CFPC","description":"","potentialAction":[{"@type":"SearchAction","target":{"@type":"EntryPoint","urlTemplate":"https:\/\/www.ccpe-cfpc.org\/en\/?s={search_term_string}"},"query-input":{"@type":"PropertyValueSpecification","valueRequired":true,"valueName":"search_term_string"}}],"inLanguage":"fr-FR"}]}},"_links":{"self":[{"href":"https:\/\/www.ccpe-cfpc.org\/fr\/wp-json\/wp\/v2\/pages\/8880","targetHints":{"allow":["GET"]}}],"collection":[{"href":"https:\/\/www.ccpe-cfpc.org\/fr\/wp-json\/wp\/v2\/pages"}],"about":[{"href":"https:\/\/www.ccpe-cfpc.org\/fr\/wp-json\/wp\/v2\/types\/page"}],"author":[{"embeddable":true,"href":"https:\/\/www.ccpe-cfpc.org\/fr\/wp-json\/wp\/v2\/users\/9"}],"replies":[{"embeddable":true,"href":"https:\/\/www.ccpe-cfpc.org\/fr\/wp-json\/wp\/v2\/comments?post=8880"}],"version-history":[{"count":0,"href":"https:\/\/www.ccpe-cfpc.org\/fr\/wp-json\/wp\/v2\/pages\/8880\/revisions"}],"wp:attachment":[{"href":"https:\/\/www.ccpe-cfpc.org\/fr\/wp-json\/wp\/v2\/media?parent=8880"}],"curies":[{"name":"wp","href":"https:\/\/api.w.org\/{rel}","templated":true}]}}