{"id":7854,"date":"2018-02-12T14:01:45","date_gmt":"2018-02-12T14:01:45","guid":{"rendered":"https:\/\/www.ccpe-cfpc.org\/?page_id=7854"},"modified":"2018-09-10T15:47:45","modified_gmt":"2018-09-10T18:47:45","slug":"custom-courses","status":"publish","type":"page","link":"https:\/\/www.ccpe-cfpc.org\/fr\/custom-courses\/","title":{"rendered":"Cours personnalis\u00e9s"},"content":{"rendered":"<div class=\"wpb-content-wrapper\"><p>[vc_row css=&#8221;.vc_custom_1471019067901{padding-top: 30px !important;}&#8221;][vc_column][vc_column_text css=&#8221;.vc_custom_1525099529761{margin-bottom: 0px !important;padding-bottom: 0px !important;}&#8221;]<\/p>\n<h1 style=\"text-align: center;\">Cours pharmaceutique personnalis\u00e9s<\/h1>\n<p>[\/vc_column_text][vc_separator color=&#8221;custom&#8221; border_width=&#8221;5&#8243; el_width=&#8221;10&#8243; accent_color=&#8221;#00539f&#8221;][vc_column_text css=&#8221;.vc_custom_1536605369552{padding-right: 8% !important;padding-left: 8% !important;}&#8221;]<\/p>\n<p style=\"text-align: left;\"><span style=\"font-weight: 400;\">Vous avez un besoin particulier \u00e0 satisfaire et tr\u00e8s peu de temps et de ressources pour r\u00e9pondre aux besoins :<\/span><\/p>\n<ul class=\"thim-list-content\">\n<li><span style=\"font-weight: 400;\">de formation de nouveaux employ\u00e9s?<\/span><\/li>\n<li><span style=\"font-weight: 400;\">du lancement d\u2019un nouveau produit?<\/span><span style=\"font-weight: 400;\"><br \/>\n<\/span><\/li>\n<li><span style=\"font-weight: 400;\">du lancement d\u2019une nouvelle indication pour un produit?<\/span><\/li>\n<li><span style=\"font-weight: 400;\">de la modification de votre orientation strat\u00e9gique?<\/span><\/li>\n<\/ul>\n<p><span style=\"font-weight: 400;\">Gr\u00e2ce \u00e0 notre curriculum complet, les membres du CFPC peuvent d\u00e9sormais cr\u00e9er le contenu dont ils ont besoin pour procurer \u00e0 leurs employ\u00e9(e)s le savoir-faire dont ils ont besoin pour avoir du succ\u00e8s. Il arrive fr\u00e9quemment que les soci\u00e9t\u00e9s pharmaceutiques recr\u00e9ent du contenu qui existent d\u00e9j\u00e0 dans la biblioth\u00e8que du CFPC. Au fil des ans, nous avons cr\u00e9\u00e9 une imposante biblioth\u00e8que d&#8217;environ 30 course cours dans laquelle nous pouvons extraire du contenu.<\/span><\/p>\n<p><span style=\"font-weight: 400;\">Le CFPC entreprend une importante r\u00e9volution conceptuelle en devenant votre partenaire privil\u00e9gi\u00e9 dans la cr\u00e9ation de cours personnalis\u00e9s et dans la mise en oeuvre de solutions d&#8217;apprentissage ponctuelles. Lorsque vous aurez besoin de cr\u00e9er du contenu, songez \u00e0 la biblioth\u00e8que de cours du CFPC.<\/span><\/p>\n<p><strong>Vous pouvez profiter de notre contenu de nombreuses fa\u00e7ons, dont:<\/strong><\/p>\n<ol>\n<li style=\"font-weight: 400;\"><span style=\"font-weight: 400;\">La livraison ponctuelle* du cours de votre choix, au moment de votre choix et avec examen \u00e0 la date qui vous convient, et ce, au m\u00eame prix que la formule conventionnelle.<\/span><\/li>\n<li style=\"font-weight: 400;\"><span style=\"font-weight: 400;\">La livraison de cours personnalis\u00e9* compos\u00e9e \u00e0 partir des notions que votre groupe aura choisi d&#8217;inclure, et ce, au m\u00eame prix que la formule conventionnelle.<\/span><\/li>\n<li style=\"font-weight: 400;\"><span style=\"font-weight: 400;\">Le cours personnalis\u00e9* qui vous permet d&#8217;acqu\u00e9rir un contenu de cours que nous personnaliserons selon vos crit\u00e8res.<\/span><\/li>\n<li style=\"font-weight: 400;\"><span style=\"font-weight: 400;\">Projet de collaboration ou de partage du risque* permettant au CFPC et aux soci\u00e9t\u00e9s membres du CFPC ayant des besoins similaires de cr\u00e9er et de partager des ressources dans le but de modifier ou de mettre \u00e0 jour un cours qui r\u00e9pond \u00e0 leur r\u00e9alit\u00e9 sp\u00e9cifique.<\/span><\/li>\n<\/ol>\n<p><em>* <span style=\"font-weight: 400;\">Offert aux <a href=\"https:\/\/www.ccpe-cfpc.org\/en\/ccpe-membership\/\">soci\u00e9t\u00e9s membres<\/a> seulement<\/span><\/em>[\/vc_column_text][\/vc_column][\/vc_row][vc_row][vc_column][vc_btn title=&#8221;CONTACTEZ-NOUS POUR PLUS D&#8217;INFORMATIONS&#8221; style=&#8221;custom&#8221; custom_background=&#8221;#00539f&#8221; custom_text=&#8221;#ffffff&#8221; shape=&#8221;square&#8221; align=&#8221;center&#8221; i_icon_fontawesome=&#8221;fa fa-user&#8221; add_icon=&#8221;true&#8221; link=&#8221;url:https%3A%2F%2Fwww.ccpe-cfpc.org%2Ffr%2Fcontact%2F|title:CONTACTEZ-NOUS%20POUR%20PLUS%20D&#8217;INFORMATIONS||&#8221;][\/vc_column][\/vc_row]<\/p>\n<\/div>","protected":false},"excerpt":{"rendered":"<p>[vc_row css=&#8221;.vc_custom_1471019067901{padding-top: 30px !important;}&#8221;][vc_column][vc_column_text css=&#8221;.vc_custom_1525099529761{margin-bottom: 0px !important;padding-bottom: 0px !important;}&#8221;] Cours pharmaceutique personnalis\u00e9s [\/vc_column_text][vc_separator color=&#8221;custom&#8221; border_width=&#8221;5&#8243; el_width=&#8221;10&#8243; accent_color=&#8221;#00539f&#8221;][vc_column_text css=&#8221;.vc_custom_1536605369552{padding-right: 8% !important;padding-left: 8% !important;}&#8221;] Vous avez un besoin particulier \u00e0 satisfaire et tr\u00e8s peu de temps et de ressources pour r\u00e9pondre aux &hellip; <\/p>\n","protected":false},"author":9,"featured_media":0,"parent":0,"menu_order":0,"comment_status":"closed","ping_status":"closed","template":"","meta":{"footnotes":""},"class_list":["post-7854","page","type-page","status-publish","hentry"],"yoast_head":"<!-- This site is optimized with the Yoast SEO plugin v27.5 - https:\/\/yoast.com\/product\/yoast-seo-wordpress\/ -->\n<title>Cours pharmaceutique personnalis\u00e9s - CFPC<\/title>\n<meta name=\"description\" content=\"Le CFPC offre des cours sp\u00e9cialis\u00e9s pour former les nouveaux employ\u00e9s, lancer un nouveau produit ou une nouvelle indication pour un produit, modifier votre orientation strat\u00e9gique et bien d&#039;autres domaines relatifs \u00e0 la m\u00e9decine.\" \/>\n<meta name=\"robots\" content=\"index, follow, max-snippet:-1, max-image-preview:large, max-video-preview:-1\" \/>\n<link rel=\"canonical\" href=\"https:\/\/www.ccpe-cfpc.org\/fr\/custom-courses\/\" \/>\n<meta property=\"og:locale\" content=\"fr_FR\" \/>\n<meta property=\"og:type\" content=\"article\" \/>\n<meta property=\"og:title\" content=\"Cours pharmaceutique personnalis\u00e9s - CFPC\" \/>\n<meta property=\"og:description\" content=\"Le CFPC offre des cours sp\u00e9cialis\u00e9s pour former les nouveaux employ\u00e9s, lancer un nouveau produit ou une nouvelle indication pour un produit, modifier votre orientation strat\u00e9gique et bien d&#039;autres domaines relatifs \u00e0 la m\u00e9decine.\" \/>\n<meta property=\"og:url\" content=\"https:\/\/www.ccpe-cfpc.org\/fr\/custom-courses\/\" \/>\n<meta property=\"og:site_name\" content=\"CCPE-CFPC\" \/>\n<meta property=\"article:modified_time\" content=\"2018-09-10T18:47:45+00:00\" \/>\n<meta name=\"twitter:card\" content=\"summary_large_image\" \/>\n<meta name=\"twitter:label1\" content=\"Dur\u00e9e de lecture estim\u00e9e\" \/>\n\t<meta name=\"twitter:data1\" content=\"2 minutes\" \/>\n<script type=\"application\/ld+json\" class=\"yoast-schema-graph\">{\"@context\":\"https:\\\/\\\/schema.org\",\"@graph\":[{\"@type\":\"WebPage\",\"@id\":\"https:\\\/\\\/www.ccpe-cfpc.org\\\/fr\\\/custom-courses\\\/\",\"url\":\"https:\\\/\\\/www.ccpe-cfpc.org\\\/fr\\\/custom-courses\\\/\",\"name\":\"Cours pharmaceutique personnalis\u00e9s - CFPC\",\"isPartOf\":{\"@id\":\"https:\\\/\\\/www.ccpe-cfpc.org\\\/en\\\/#website\"},\"datePublished\":\"2018-02-12T14:01:45+00:00\",\"dateModified\":\"2018-09-10T18:47:45+00:00\",\"description\":\"Le CFPC offre des cours sp\u00e9cialis\u00e9s pour former les nouveaux employ\u00e9s, lancer un nouveau produit ou une nouvelle indication pour un produit, modifier votre orientation strat\u00e9gique et bien d'autres domaines relatifs \u00e0 la m\u00e9decine.\",\"breadcrumb\":{\"@id\":\"https:\\\/\\\/www.ccpe-cfpc.org\\\/fr\\\/custom-courses\\\/#breadcrumb\"},\"inLanguage\":\"fr-FR\",\"potentialAction\":[{\"@type\":\"ReadAction\",\"target\":[\"https:\\\/\\\/www.ccpe-cfpc.org\\\/fr\\\/custom-courses\\\/\"]}]},{\"@type\":\"BreadcrumbList\",\"@id\":\"https:\\\/\\\/www.ccpe-cfpc.org\\\/fr\\\/custom-courses\\\/#breadcrumb\",\"itemListElement\":[{\"@type\":\"ListItem\",\"position\":1,\"name\":\"Home\",\"item\":\"https:\\\/\\\/www.ccpe-cfpc.org\\\/fr\\\/\"},{\"@type\":\"ListItem\",\"position\":2,\"name\":\"Cours personnalis\u00e9s\"}]},{\"@type\":\"WebSite\",\"@id\":\"https:\\\/\\\/www.ccpe-cfpc.org\\\/en\\\/#website\",\"url\":\"https:\\\/\\\/www.ccpe-cfpc.org\\\/en\\\/\",\"name\":\"CCPE-CFPC\",\"description\":\"\",\"potentialAction\":[{\"@type\":\"SearchAction\",\"target\":{\"@type\":\"EntryPoint\",\"urlTemplate\":\"https:\\\/\\\/www.ccpe-cfpc.org\\\/en\\\/?s={search_term_string}\"},\"query-input\":{\"@type\":\"PropertyValueSpecification\",\"valueRequired\":true,\"valueName\":\"search_term_string\"}}],\"inLanguage\":\"fr-FR\"}]}<\/script>\n<!-- \/ Yoast SEO plugin. -->","yoast_head_json":{"title":"Cours pharmaceutique personnalis\u00e9s - CFPC","description":"Le CFPC offre des cours sp\u00e9cialis\u00e9s pour former les nouveaux employ\u00e9s, lancer un nouveau produit ou une nouvelle indication pour un produit, modifier votre orientation strat\u00e9gique et bien d'autres domaines relatifs \u00e0 la m\u00e9decine.","robots":{"index":"index","follow":"follow","max-snippet":"max-snippet:-1","max-image-preview":"max-image-preview:large","max-video-preview":"max-video-preview:-1"},"canonical":"https:\/\/www.ccpe-cfpc.org\/fr\/custom-courses\/","og_locale":"fr_FR","og_type":"article","og_title":"Cours pharmaceutique personnalis\u00e9s - CFPC","og_description":"Le CFPC offre des cours sp\u00e9cialis\u00e9s pour former les nouveaux employ\u00e9s, lancer un nouveau produit ou une nouvelle indication pour un produit, modifier votre orientation strat\u00e9gique et bien d'autres domaines relatifs \u00e0 la m\u00e9decine.","og_url":"https:\/\/www.ccpe-cfpc.org\/fr\/custom-courses\/","og_site_name":"CCPE-CFPC","article_modified_time":"2018-09-10T18:47:45+00:00","twitter_card":"summary_large_image","twitter_misc":{"Dur\u00e9e de lecture estim\u00e9e":"2 minutes"},"schema":{"@context":"https:\/\/schema.org","@graph":[{"@type":"WebPage","@id":"https:\/\/www.ccpe-cfpc.org\/fr\/custom-courses\/","url":"https:\/\/www.ccpe-cfpc.org\/fr\/custom-courses\/","name":"Cours pharmaceutique personnalis\u00e9s - CFPC","isPartOf":{"@id":"https:\/\/www.ccpe-cfpc.org\/en\/#website"},"datePublished":"2018-02-12T14:01:45+00:00","dateModified":"2018-09-10T18:47:45+00:00","description":"Le CFPC offre des cours sp\u00e9cialis\u00e9s pour former les nouveaux employ\u00e9s, lancer un nouveau produit ou une nouvelle indication pour un produit, modifier votre orientation strat\u00e9gique et bien d'autres domaines relatifs \u00e0 la m\u00e9decine.","breadcrumb":{"@id":"https:\/\/www.ccpe-cfpc.org\/fr\/custom-courses\/#breadcrumb"},"inLanguage":"fr-FR","potentialAction":[{"@type":"ReadAction","target":["https:\/\/www.ccpe-cfpc.org\/fr\/custom-courses\/"]}]},{"@type":"BreadcrumbList","@id":"https:\/\/www.ccpe-cfpc.org\/fr\/custom-courses\/#breadcrumb","itemListElement":[{"@type":"ListItem","position":1,"name":"Home","item":"https:\/\/www.ccpe-cfpc.org\/fr\/"},{"@type":"ListItem","position":2,"name":"Cours personnalis\u00e9s"}]},{"@type":"WebSite","@id":"https:\/\/www.ccpe-cfpc.org\/en\/#website","url":"https:\/\/www.ccpe-cfpc.org\/en\/","name":"CCPE-CFPC","description":"","potentialAction":[{"@type":"SearchAction","target":{"@type":"EntryPoint","urlTemplate":"https:\/\/www.ccpe-cfpc.org\/en\/?s={search_term_string}"},"query-input":{"@type":"PropertyValueSpecification","valueRequired":true,"valueName":"search_term_string"}}],"inLanguage":"fr-FR"}]}},"_links":{"self":[{"href":"https:\/\/www.ccpe-cfpc.org\/fr\/wp-json\/wp\/v2\/pages\/7854","targetHints":{"allow":["GET"]}}],"collection":[{"href":"https:\/\/www.ccpe-cfpc.org\/fr\/wp-json\/wp\/v2\/pages"}],"about":[{"href":"https:\/\/www.ccpe-cfpc.org\/fr\/wp-json\/wp\/v2\/types\/page"}],"author":[{"embeddable":true,"href":"https:\/\/www.ccpe-cfpc.org\/fr\/wp-json\/wp\/v2\/users\/9"}],"replies":[{"embeddable":true,"href":"https:\/\/www.ccpe-cfpc.org\/fr\/wp-json\/wp\/v2\/comments?post=7854"}],"version-history":[{"count":0,"href":"https:\/\/www.ccpe-cfpc.org\/fr\/wp-json\/wp\/v2\/pages\/7854\/revisions"}],"wp:attachment":[{"href":"https:\/\/www.ccpe-cfpc.org\/fr\/wp-json\/wp\/v2\/media?parent=7854"}],"curies":[{"name":"wp","href":"https:\/\/api.w.org\/{rel}","templated":true}]}}