{"id":7800,"date":"2018-04-03T05:07:20","date_gmt":"2018-04-03T05:07:20","guid":{"rendered":"https:\/\/www.ccpe-cfpc.org\/?page_id=7800"},"modified":"2025-05-02T08:30:45","modified_gmt":"2025-05-02T12:30:45","slug":"ccpe-membership-2","status":"publish","type":"page","link":"https:\/\/www.ccpe-cfpc.org\/fr\/ccpe-membership-2\/","title":{"rendered":"Affiliations au CFPC"},"content":{"rendered":"<div class=\"wpb-content-wrapper\"><p>[vc_row css=&#8221;.vc_custom_1522255142899{margin-bottom: 0px !important;padding-top: 30px !important;}&#8221;][vc_column][vc_row_inner css=&#8221;.vc_custom_1524081297929{margin-bottom: 0px !important;padding-bottom: 0px !important;}&#8221;][vc_column_inner css=&#8221;.vc_custom_1524081250069{margin-bottom: 0px !important;}&#8221;][vc_column_text css=&#8221;.vc_custom_1524081238370{margin-bottom: 0px !important;padding-bottom: 0px !important;}&#8221;]<\/p>\n<h1 style=\"text-align: center;\">Affiliations au CFPC<\/h1>\n<p>[\/vc_column_text][vc_separator color=&#8221;custom&#8221; border_width=&#8221;5&#8243; el_width=&#8221;10&#8243; accent_color=&#8221;#00539f&#8221;][\/vc_column_inner][\/vc_row_inner][vc_column_text]<\/p>\n<h2 style=\"text-align: center;\">Entreprises membres du CFPC<\/h2>\n<p>[\/vc_column_text][vc_single_image image=&#8221;24659&#8243; img_size=&#8221;full&#8221; alignment=&#8221;center&#8221; css=&#8221;&#8221;][vc_column_text css=&#8221;.vc_custom_1534257768655{padding-right: 8% !important;padding-left: 8% !important;}&#8221;]Le CFPC est un organisme sans but lucratif. Le financement de nos activit\u00e9s provient de deux sources importantes : les cotisations annuelles pay\u00e9es par nos soci\u00e9t\u00e9s membres qui servent \u00e0 couvrir nos frais d\u2019exploitation; et les revenus engendr\u00e9s par la vente de nos programmes \u00e9ducatifs qui sont continuellement r\u00e9investis pour absorber les co\u00fbts de mise \u00e0 jour des cours, de divers processus d\u2019am\u00e9lioration et du d\u00e9veloppement de nouveaux programmes pertinents pour l\u2019industrie.<\/p>\n<p><span style=\"font-weight: 400;\"><span lang=\"FR-CA\">Seules les affiliations collectives constituent des membres du CFPC.<\/span><\/span><\/p>\n<p><span lang=\"FR-CA\">\u00c0 l\u2019heure actuelle, seules les <\/span><span lang=\"FR-CA\">soci\u00e9t\u00e9s pharmaceutiques ou les entreprises biotechnologiques qui participent \u00e0 la promotion des produits pharmaceutiques au Canada peuvent devenir membres du CFPC. <\/span><\/p>\n<p><strong>TOUS <\/strong>les employ\u00e9s des compagnies membres profiteront des avantages du CFPC (pas seulement les professionnels du domaine).<\/p>\n<p><span style=\"font-weight: 400;\"><span lang=\"FR-CA\">Pour de plus amples renseignements, n&#8217;h\u00e9sitez pas \u00e0 communiquer avec Jim shea, le directeur g\u00e9n\u00e9ral, par t\u00e9l\u00e9phone au <a href=\"tel:514-333-8362\">514 333-8362<\/a> ou <a href=\"tel:1-888-333-8362\">1\u00a0888 333-8362<\/a> ou par <a href=\"mailto:jshea@ccpe-cfpc.org\">courriel<\/a><\/span><\/span>[\/vc_column_text][\/vc_column][\/vc_row][vc_row el_class=&#8221;.five-columns&#8221;][vc_column css_animation=&#8221;none&#8221; css=&#8221;.vc_custom_1511203825038{padding-top: 3% !important;padding-right: 3% !important;padding-bottom: 3% !important;padding-left: 3% !important;}&#8221;][vc_column_text css=&#8221;.vc_custom_1524073496350{padding-top: 0px !important;}&#8221;]<\/p>\n<h2 style=\"text-align: center;\">Membres associ\u00e9s du CFPC<\/h2>\n<p>[\/vc_column_text][vc_column_text css=&#8221;.vc_custom_1727895527413{padding-right: 8% !important;padding-left: 8% !important;}&#8221;]Les membres associ\u00e9s ne paient actuellement aucune cotisation annuelle et ne jouissent pas des m\u00eames avantages que les entreprises membres.<\/p>\n<p><span lang=\"FR-CA\">Les membres associ\u00e9s sont :<\/span><\/p>\n<ul class=\"thim-list-content\">\n<li style=\"font-weight: 400;\"><span style=\"font-weight: 400;\">Des candidats qui ne travaillent pas dans le domaine, mais qui font carri\u00e8re dans la communaut\u00e9 pharmaceutique<\/span><\/li>\n<li style=\"font-weight: 400;\"><span style=\"font-weight: 400;\">Des employ\u00e9s accr\u00e9dit\u00e9s du CFPC \u0153uvrant pour des entreprises qui ne paient pas de cotisation (voir <em><strong>note<\/strong><\/em> ci-dessous)<\/span><\/li>\n<li style=\"font-weight: 400;\"><span style=\"font-weight: 400;\">Des individus accr\u00e9dit\u00e9s du CFPC qui sont sans emploi et qui cherchent du travail dans le secteur<\/span><\/li>\n<li><span style=\"font-weight: 400;\">Des professionnels de la sant\u00e9 de secteurs autres que ceux des soins de sant\u00e9 au Canada (p. ex., des infirmi\u00e8res, des pharmaciens, des techniciens, des m\u00e9decins)<i><br \/>\n<\/i><\/span><\/li>\n<li><span style=\"font-weight: 400;\">Des organismes de service li\u00e9s \u00e0 l\u2019industrie pharmaceutique (p. ex., publicit\u00e9, EPC, communications, \u00e9tude de march\u00e9, etc.)<\/span><\/li>\n<\/ul>\n<p><b><i><span lang=\"FR-CA\">Note<\/span><\/i><\/b><i><span lang=\"FR-CA\">:\u00a0<b><\/b>les membres associ\u00e9s qui sont \u00e0 l\u2019emploi d\u2019entreprises non-affili\u00e9es ne profitent d\u2019aucun tarif sp\u00e9cial.<\/span><\/i>[\/vc_column_text][\/vc_column][\/vc_row][vc_row full_width=&#8221;stretch_row&#8221; css=&#8221;.vc_custom_1513026978599{margin-bottom: 10% !important;background-color: #f5822b !important;}&#8221;][vc_column][vc_column_text]<\/p>\n<h2 style=\"text-align: center; color: #fff;\">Votre entreprise ne figure pas sur la liste?<\/h2>\n<p>[\/vc_column_text][vc_btn title=&#8221;Devenir membre&#8221; style=&#8221;outline&#8221; color=&#8221;white&#8221; size=&#8221;lg&#8221; align=&#8221;center&#8221; css=&#8221;.vc_custom_1524578713522{padding-bottom: 2% !important;}&#8221; link=&#8221;url:https%3A%2F%2Fccpecfpc.wpengine.com%2Ffr%2Fcontact%2F|||&#8221;][\/vc_column][\/vc_row]<\/p>\n<\/div>","protected":false},"excerpt":{"rendered":"<p>[vc_row css=&#8221;.vc_custom_1522255142899{margin-bottom: 0px !important;padding-top: 30px !important;}&#8221;][vc_column][vc_row_inner css=&#8221;.vc_custom_1524081297929{margin-bottom: 0px !important;padding-bottom: 0px !important;}&#8221;][vc_column_inner css=&#8221;.vc_custom_1524081250069{margin-bottom: 0px !important;}&#8221;][vc_column_text css=&#8221;.vc_custom_1524081238370{margin-bottom: 0px !important;padding-bottom: 0px !important;}&#8221;] Affiliations au CFPC [\/vc_column_text][vc_separator color=&#8221;custom&#8221; border_width=&#8221;5&#8243; el_width=&#8221;10&#8243; accent_color=&#8221;#00539f&#8221;][\/vc_column_inner][\/vc_row_inner][vc_column_text] Entreprises membres du CFPC [\/vc_column_text][vc_single_image image=&#8221;24659&#8243; img_size=&#8221;full&#8221; alignment=&#8221;center&#8221; css=&#8221;&#8221;][vc_column_text css=&#8221;.vc_custom_1534257768655{padding-right: 8% !important;padding-left: 8% &hellip; <\/p>\n","protected":false},"author":9,"featured_media":0,"parent":0,"menu_order":0,"comment_status":"closed","ping_status":"closed","template":"","meta":{"footnotes":""},"class_list":["post-7800","page","type-page","status-publish","hentry"],"yoast_head":"<!-- This site is optimized with the Yoast SEO plugin v27.5 - https:\/\/yoast.com\/product\/yoast-seo-wordpress\/ -->\n<title>Affiliations au Conseil de formation pharmaceutique continue - CFPC<\/title>\n<meta name=\"description\" content=\"D\u00e9couvrez comment faire partie d&#039;un collectif du CFPC ou devenir membre associ\u00e9 et avoir ainsi acc\u00e8s \u00e0 divers formations accr\u00e9dit\u00e9es en pharmaceutique et pharmaco\u00e9conomique.\" \/>\n<meta name=\"robots\" content=\"index, follow, max-snippet:-1, max-image-preview:large, max-video-preview:-1\" \/>\n<link rel=\"canonical\" href=\"https:\/\/www.ccpe-cfpc.org\/fr\/ccpe-membership-2\/\" \/>\n<meta property=\"og:locale\" content=\"fr_FR\" \/>\n<meta property=\"og:type\" content=\"article\" \/>\n<meta property=\"og:title\" content=\"Affiliations au Conseil de formation pharmaceutique continue - CFPC\" \/>\n<meta property=\"og:description\" content=\"D\u00e9couvrez comment faire partie d&#039;un collectif du CFPC ou devenir membre associ\u00e9 et avoir ainsi acc\u00e8s \u00e0 divers formations accr\u00e9dit\u00e9es en pharmaceutique et pharmaco\u00e9conomique.\" \/>\n<meta property=\"og:url\" content=\"https:\/\/www.ccpe-cfpc.org\/fr\/ccpe-membership-2\/\" \/>\n<meta property=\"og:site_name\" content=\"CCPE-CFPC\" \/>\n<meta property=\"article:modified_time\" content=\"2025-05-02T12:30:45+00:00\" \/>\n<meta name=\"twitter:card\" content=\"summary_large_image\" \/>\n<meta name=\"twitter:label1\" content=\"Dur\u00e9e de lecture estim\u00e9e\" \/>\n\t<meta name=\"twitter:data1\" content=\"2 minutes\" \/>\n<script type=\"application\/ld+json\" class=\"yoast-schema-graph\">{\"@context\":\"https:\\\/\\\/schema.org\",\"@graph\":[{\"@type\":\"WebPage\",\"@id\":\"https:\\\/\\\/www.ccpe-cfpc.org\\\/fr\\\/ccpe-membership-2\\\/\",\"url\":\"https:\\\/\\\/www.ccpe-cfpc.org\\\/fr\\\/ccpe-membership-2\\\/\",\"name\":\"Affiliations au Conseil de formation pharmaceutique continue - CFPC\",\"isPartOf\":{\"@id\":\"https:\\\/\\\/www.ccpe-cfpc.org\\\/en\\\/#website\"},\"datePublished\":\"2018-04-03T05:07:20+00:00\",\"dateModified\":\"2025-05-02T12:30:45+00:00\",\"description\":\"D\u00e9couvrez comment faire partie d'un collectif du CFPC ou devenir membre associ\u00e9 et avoir ainsi acc\u00e8s \u00e0 divers formations accr\u00e9dit\u00e9es en pharmaceutique et pharmaco\u00e9conomique.\",\"breadcrumb\":{\"@id\":\"https:\\\/\\\/www.ccpe-cfpc.org\\\/fr\\\/ccpe-membership-2\\\/#breadcrumb\"},\"inLanguage\":\"fr-FR\",\"potentialAction\":[{\"@type\":\"ReadAction\",\"target\":[\"https:\\\/\\\/www.ccpe-cfpc.org\\\/fr\\\/ccpe-membership-2\\\/\"]}]},{\"@type\":\"BreadcrumbList\",\"@id\":\"https:\\\/\\\/www.ccpe-cfpc.org\\\/fr\\\/ccpe-membership-2\\\/#breadcrumb\",\"itemListElement\":[{\"@type\":\"ListItem\",\"position\":1,\"name\":\"Home\",\"item\":\"https:\\\/\\\/www.ccpe-cfpc.org\\\/fr\\\/\"},{\"@type\":\"ListItem\",\"position\":2,\"name\":\"Affiliations au CFPC\"}]},{\"@type\":\"WebSite\",\"@id\":\"https:\\\/\\\/www.ccpe-cfpc.org\\\/en\\\/#website\",\"url\":\"https:\\\/\\\/www.ccpe-cfpc.org\\\/en\\\/\",\"name\":\"CCPE-CFPC\",\"description\":\"\",\"potentialAction\":[{\"@type\":\"SearchAction\",\"target\":{\"@type\":\"EntryPoint\",\"urlTemplate\":\"https:\\\/\\\/www.ccpe-cfpc.org\\\/en\\\/?s={search_term_string}\"},\"query-input\":{\"@type\":\"PropertyValueSpecification\",\"valueRequired\":true,\"valueName\":\"search_term_string\"}}],\"inLanguage\":\"fr-FR\"}]}<\/script>\n<!-- \/ Yoast SEO plugin. -->","yoast_head_json":{"title":"Affiliations au Conseil de formation pharmaceutique continue - CFPC","description":"D\u00e9couvrez comment faire partie d'un collectif du CFPC ou devenir membre associ\u00e9 et avoir ainsi acc\u00e8s \u00e0 divers formations accr\u00e9dit\u00e9es en pharmaceutique et pharmaco\u00e9conomique.","robots":{"index":"index","follow":"follow","max-snippet":"max-snippet:-1","max-image-preview":"max-image-preview:large","max-video-preview":"max-video-preview:-1"},"canonical":"https:\/\/www.ccpe-cfpc.org\/fr\/ccpe-membership-2\/","og_locale":"fr_FR","og_type":"article","og_title":"Affiliations au Conseil de formation pharmaceutique continue - CFPC","og_description":"D\u00e9couvrez comment faire partie d'un collectif du CFPC ou devenir membre associ\u00e9 et avoir ainsi acc\u00e8s \u00e0 divers formations accr\u00e9dit\u00e9es en pharmaceutique et pharmaco\u00e9conomique.","og_url":"https:\/\/www.ccpe-cfpc.org\/fr\/ccpe-membership-2\/","og_site_name":"CCPE-CFPC","article_modified_time":"2025-05-02T12:30:45+00:00","twitter_card":"summary_large_image","twitter_misc":{"Dur\u00e9e de lecture estim\u00e9e":"2 minutes"},"schema":{"@context":"https:\/\/schema.org","@graph":[{"@type":"WebPage","@id":"https:\/\/www.ccpe-cfpc.org\/fr\/ccpe-membership-2\/","url":"https:\/\/www.ccpe-cfpc.org\/fr\/ccpe-membership-2\/","name":"Affiliations au Conseil de formation pharmaceutique continue - CFPC","isPartOf":{"@id":"https:\/\/www.ccpe-cfpc.org\/en\/#website"},"datePublished":"2018-04-03T05:07:20+00:00","dateModified":"2025-05-02T12:30:45+00:00","description":"D\u00e9couvrez comment faire partie d'un collectif du CFPC ou devenir membre associ\u00e9 et avoir ainsi acc\u00e8s \u00e0 divers formations accr\u00e9dit\u00e9es en pharmaceutique et pharmaco\u00e9conomique.","breadcrumb":{"@id":"https:\/\/www.ccpe-cfpc.org\/fr\/ccpe-membership-2\/#breadcrumb"},"inLanguage":"fr-FR","potentialAction":[{"@type":"ReadAction","target":["https:\/\/www.ccpe-cfpc.org\/fr\/ccpe-membership-2\/"]}]},{"@type":"BreadcrumbList","@id":"https:\/\/www.ccpe-cfpc.org\/fr\/ccpe-membership-2\/#breadcrumb","itemListElement":[{"@type":"ListItem","position":1,"name":"Home","item":"https:\/\/www.ccpe-cfpc.org\/fr\/"},{"@type":"ListItem","position":2,"name":"Affiliations au CFPC"}]},{"@type":"WebSite","@id":"https:\/\/www.ccpe-cfpc.org\/en\/#website","url":"https:\/\/www.ccpe-cfpc.org\/en\/","name":"CCPE-CFPC","description":"","potentialAction":[{"@type":"SearchAction","target":{"@type":"EntryPoint","urlTemplate":"https:\/\/www.ccpe-cfpc.org\/en\/?s={search_term_string}"},"query-input":{"@type":"PropertyValueSpecification","valueRequired":true,"valueName":"search_term_string"}}],"inLanguage":"fr-FR"}]}},"_links":{"self":[{"href":"https:\/\/www.ccpe-cfpc.org\/fr\/wp-json\/wp\/v2\/pages\/7800","targetHints":{"allow":["GET"]}}],"collection":[{"href":"https:\/\/www.ccpe-cfpc.org\/fr\/wp-json\/wp\/v2\/pages"}],"about":[{"href":"https:\/\/www.ccpe-cfpc.org\/fr\/wp-json\/wp\/v2\/types\/page"}],"author":[{"embeddable":true,"href":"https:\/\/www.ccpe-cfpc.org\/fr\/wp-json\/wp\/v2\/users\/9"}],"replies":[{"embeddable":true,"href":"https:\/\/www.ccpe-cfpc.org\/fr\/wp-json\/wp\/v2\/comments?post=7800"}],"version-history":[{"count":0,"href":"https:\/\/www.ccpe-cfpc.org\/fr\/wp-json\/wp\/v2\/pages\/7800\/revisions"}],"wp:attachment":[{"href":"https:\/\/www.ccpe-cfpc.org\/fr\/wp-json\/wp\/v2\/media?parent=7800"}],"curies":[{"name":"wp","href":"https:\/\/api.w.org\/{rel}","templated":true}]}}