{"id":7736,"date":"2018-02-12T15:20:17","date_gmt":"2018-02-12T15:20:17","guid":{"rendered":"https:\/\/www.ccpe-cfpc.org\/?page_id=7736"},"modified":"2025-01-02T14:24:08","modified_gmt":"2025-01-02T19:24:08","slug":"how-to-register","status":"publish","type":"page","link":"https:\/\/www.ccpe-cfpc.org\/fr\/how-to-register\/","title":{"rendered":"Proc\u00e9dure d&#8217;inscription"},"content":{"rendered":"<div class=\"wpb-content-wrapper\"><p>[vc_row css=&#8221;.vc_custom_1471019067901{padding-top: 30px !important;}&#8221;][vc_column][vc_column_text css=&#8221;.vc_custom_1524082280869{margin-bottom: 0px !important;padding-bottom: 0px !important;}&#8221;]<\/p>\n<h1 style=\"text-align: center;\">S&#8217;incrire aux cours du CFPC est simple comme bonjour.<\/h1>\n<p>[\/vc_column_text][vc_separator color=&#8221;custom&#8221; border_width=&#8221;5&#8243; el_width=&#8221;10&#8243; accent_color=&#8221;#00539f&#8221;][vc_column_text css=&#8221;.vc_custom_1528745741701{padding-right: 8% !important;padding-left: 8% !important;}&#8221;]Choisir un cours apparaissant \u00e0 notre page de cours et fermer la session \u00e0 l\u2019aide de notre formulaire d\u2019inscription s\u00e9curis\u00e9, remplir le formulaire et cliquer sur le bouton <strong>SOUMETTRE<\/strong>\u00a0afin d\u2019acheminer le formulaire au CFPC. Notre page d\u2019inscription \u00e9lectronique utilise la page de cryptage <em>Secure Sockets Layer (SSL)<\/em> pour la collecte ou le transfert des donn\u00e9es confidentielles.[\/vc_column_text][vc_row_inner][vc_column_inner width=&#8221;1\/3&#8243;][vc_column_text]<\/p>\n<h3 style=\"text-align: center;\">\u00c9tape 1<\/h3>\n<p style=\"text-align: center;\">Cliquez sur Inscrivez-vous \u00e0 ce cours<\/p>\n<p>[\/vc_column_text][vc_single_image image=&#8221;10171&#8243; img_size=&#8221;full&#8221; alignment=&#8221;center&#8221; css=&#8221;.vc_custom_1524594477364{margin-top: -1% !important;}&#8221; el_class=&#8221;gif-resize&#8221;][\/vc_column_inner][vc_column_inner width=&#8221;1\/3&#8243;][vc_column_text]<\/p>\n<h3 style=\"text-align: center;\">\u00c9tape 2<\/h3>\n<p style=\"text-align: center;\">Remplir le formulaire et envoyer<\/p>\n<p>[\/vc_column_text][vc_single_image image=&#8221;10175&#8243; img_size=&#8221;full&#8221; alignment=&#8221;center&#8221; el_class=&#8221;gif-resize&#8221;][\/vc_column_inner][vc_column_inner width=&#8221;1\/3&#8243;][vc_column_text]<\/p>\n<h3 style=\"text-align: center;\">\u00c9tape 3<\/h3>\n<p style=\"text-align: center;\">Attendre la confirmation du CFPC<\/p>\n<p>[\/vc_column_text][vc_icon icon_fontawesome=&#8221;fas fa-envelope-square&#8221; color=&#8221;custom&#8221; size=&#8221;lg&#8221; align=&#8221;center&#8221; custom_color=&#8221;#0053a0&#8243;][\/vc_column_inner][\/vc_row_inner][\/vc_column][\/vc_row][vc_row css=&#8221;.vc_custom_1511203969351{padding-top: 5% !important;}&#8221; el_class=&#8221;.five-columns&#8221;][vc_column css_animation=&#8221;none&#8221; width=&#8221;1\/3&#8243; css=&#8221;.vc_custom_1511203825038{padding-top: 3% !important;padding-right: 3% !important;padding-bottom: 3% !important;padding-left: 3% !important;}&#8221;][vc_column_text]<\/p>\n<h4 style=\"text-align: center; padding-bottom: 5%;\">Information sur les cartes de cr\u00e9dit<\/h4>\n<p>Les renseignements fournis dans le formulaire d\u2019inscription s\u00e9curis\u00e9 servent au CFPC \u00e0 traiter les paiements effectu\u00e9s par cartes de cr\u00e9dit. Il est important de REMPLIR tous les champs obligatoires li\u00e9s au mode de paiement de votre choix. Le processus de paiement par VISA \/ MASTERCARD N\u2019EST PAS AUTOMATIS\u00c9. Les paiements par cartes de cr\u00e9dit sont trait\u00e9s par le CFPC dans un d\u00e9lai de 48 heures durant les jours ouvrables SEULEMENT.[\/vc_column_text][\/vc_column][vc_column css_animation=&#8221;none&#8221; width=&#8221;1\/3&#8243; css=&#8221;.vc_custom_1511203830687{padding-top: 3% !important;padding-right: 3% !important;padding-bottom: 3% !important;padding-left: 3% !important;}&#8221;][vc_column_text css=&#8221;&#8221;]<\/p>\n<h4 style=\"text-align: center; padding-bottom: 5%;\">Frais<\/h4>\n<p>Des frais de livraison au montant de 30,00 $ (35,00 $ pour l\u2019agr\u00e9ment), de manutention de 8,00 $ et les taxes seront ajout\u00e9s aux prix indiqu\u00e9s ici-bas. Le mat\u00e9riel de cours est exp\u00e9di\u00e9 par transport terrestre par service de messagerie \u00e0 l\u2019int\u00e9rieur de 4 jours ouvrables.[\/vc_column_text][\/vc_column][vc_column css_animation=&#8221;none&#8221; width=&#8221;1\/3&#8243; css=&#8221;.vc_custom_1511203835997{padding-top: 3% !important;padding-right: 3% !important;padding-bottom: 3% !important;padding-left: 10% !important;}&#8221;][vc_column_text]<\/p>\n<h4 style=\"text-align: center; padding-bottom: 5%;\">Envois non r\u00e9clam\u00e9s<\/h4>\n<p>Des frais d\u2019exp\u00e9dition suppl\u00e9mentaires seront factur\u00e9s pour les envois non r\u00e9clam\u00e9s qui sont retourn\u00e9s au CFPC. Pour \u00e9viter ces frais suppl\u00e9mentaires, veuillez vous assurer d\u2019aller chercher au d\u00e9p\u00f4t de Purolator dans les cinq jours suivant la livraison tout colis n\u2019ayant pu \u00eatre livr\u00e9 \u00e0 votre porte.[\/vc_column_text][\/vc_column][\/vc_row][vc_row css=&#8221;.vc_custom_1511204169451{padding-top: 1% !important;}&#8221; el_class=&#8221;.five-columns&#8221;][vc_column css_animation=&#8221;none&#8221; width=&#8221;1\/2&#8243; css=&#8221;.vc_custom_1511203825038{padding-top: 3% !important;padding-right: 3% !important;padding-bottom: 3% !important;padding-left: 3% !important;}&#8221;][vc_column_text]<\/p>\n<h4 style=\"text-align: center; padding-bottom: 5%;\">Politique de r\u00e9inscription<\/h4>\n<p>Les participants qui auront omis de faire leur examen sans produire une note explicative, seront consid\u00e9r\u00e9s comme \u00ab\u00a0absent\u00a0\u00bb et ne pourront plus avoir acc\u00e8s \u00e0 l\u2019examen. Les cas suivants font exception : Maternit\u00e9, promotion et\/ou changement d\u2019emploi. Une extension sera accord\u00e9e suite \u00e0 une demande.<br \/>\n[\/vc_column_text][\/vc_column][vc_column css_animation=&#8221;none&#8221; width=&#8221;1\/2&#8243; css=&#8221;.vc_custom_1511203830687{padding-top: 3% !important;padding-right: 3% !important;padding-bottom: 3% !important;padding-left: 3% !important;}&#8221;][vc_column_text]<\/p>\n<h4 style=\"text-align: center; padding-bottom: 5%;\">Politique de retour<\/h4>\n<p>Les frais de cours des participants seront rembours\u00e9s sous r\u00e9serve des conditions suivantes:<\/p>\n<ul class=\"thim-list-content\">\n<li>la demande de remboursement doit \u00eatre pr\u00e9sent\u00e9e par \u00e9crit un (1) mois suivant la date d\u2019inscription;<\/li>\n<li>tout le mat\u00e9riel doit \u00eatre retourn\u00e9 au CFPC sans griffonnages et en parfait \u00e9tat.<\/li>\n<li>le participant ne doit pas acc\u00e9der \u00e0 l\u2019examen final dans le portail <em>MonCFPC<\/em>.<\/li>\n<\/ul>\n<p>Des frais de cent dollars (100 $) seront d\u00e9duits de chaque cours faisant l\u2019objet d\u2019un remboursement. Veuillez pr\u00e9voir 30 jours pour le traitement de votre demande.[\/vc_column_text][\/vc_column][\/vc_row]<\/p>\n<\/div>","protected":false},"excerpt":{"rendered":"<p>[vc_row css=&#8221;.vc_custom_1471019067901{padding-top: 30px !important;}&#8221;][vc_column][vc_column_text css=&#8221;.vc_custom_1524082280869{margin-bottom: 0px !important;padding-bottom: 0px !important;}&#8221;] S&#8217;incrire aux cours du CFPC est simple comme bonjour. [\/vc_column_text][vc_separator color=&#8221;custom&#8221; border_width=&#8221;5&#8243; el_width=&#8221;10&#8243; accent_color=&#8221;#00539f&#8221;][vc_column_text css=&#8221;.vc_custom_1528745741701{padding-right: 8% !important;padding-left: 8% !important;}&#8221;]Choisir un cours apparaissant \u00e0 notre page de cours et fermer la session &hellip; <\/p>\n","protected":false},"author":9,"featured_media":0,"parent":0,"menu_order":0,"comment_status":"closed","ping_status":"closed","template":"","meta":{"footnotes":""},"class_list":["post-7736","page","type-page","status-publish","hentry"],"yoast_head":"<!-- This site is optimized with the Yoast SEO plugin v25.6 - https:\/\/yoast.com\/wordpress\/plugins\/seo\/ -->\n<title>Comment s&#039;inscrire aux cours de la formation pharmaceutique continue (CFPC)<\/title>\n<meta name=\"description\" content=\"Pr\u00eat \u00e0 vous inscrire \u00e0 l&#039;un des programmes pharmaceutiques en ligne du CFPC? D\u00e9couvrez le processus d&#039;inscription et engagez-vous sur la voie de l&#039;accr\u00e9ditation pour le domaine de soins de sant\u00e9 de votre choix.\" \/>\n<meta name=\"robots\" content=\"index, follow, max-snippet:-1, max-image-preview:large, max-video-preview:-1\" \/>\n<link rel=\"canonical\" href=\"https:\/\/www.ccpe-cfpc.org\/fr\/how-to-register\/\" \/>\n<meta property=\"og:locale\" content=\"fr_FR\" \/>\n<meta property=\"og:type\" content=\"article\" \/>\n<meta property=\"og:title\" content=\"Comment s&#039;inscrire aux cours de la formation pharmaceutique continue (CFPC)\" \/>\n<meta property=\"og:description\" content=\"Pr\u00eat \u00e0 vous inscrire \u00e0 l&#039;un des programmes pharmaceutiques en ligne du CFPC? D\u00e9couvrez le processus d&#039;inscription et engagez-vous sur la voie de l&#039;accr\u00e9ditation pour le domaine de soins de sant\u00e9 de votre choix.\" \/>\n<meta property=\"og:url\" content=\"https:\/\/www.ccpe-cfpc.org\/fr\/how-to-register\/\" \/>\n<meta property=\"og:site_name\" content=\"CCPE-CFPC\" \/>\n<meta property=\"article:modified_time\" content=\"2025-01-02T19:24:08+00:00\" \/>\n<meta name=\"twitter:card\" content=\"summary_large_image\" \/>\n<meta name=\"twitter:label1\" content=\"Dur\u00e9e de lecture estim\u00e9e\" \/>\n\t<meta name=\"twitter:data1\" content=\"3 minutes\" \/>\n<script type=\"application\/ld+json\" class=\"yoast-schema-graph\">{\"@context\":\"https:\/\/schema.org\",\"@graph\":[{\"@type\":\"WebPage\",\"@id\":\"https:\/\/www.ccpe-cfpc.org\/fr\/how-to-register\/\",\"url\":\"https:\/\/www.ccpe-cfpc.org\/fr\/how-to-register\/\",\"name\":\"Comment s'inscrire aux cours de la formation pharmaceutique continue (CFPC)\",\"isPartOf\":{\"@id\":\"https:\/\/www.ccpe-cfpc.org\/en\/#website\"},\"datePublished\":\"2018-02-12T15:20:17+00:00\",\"dateModified\":\"2025-01-02T19:24:08+00:00\",\"description\":\"Pr\u00eat \u00e0 vous inscrire \u00e0 l'un des programmes pharmaceutiques en ligne du CFPC? D\u00e9couvrez le processus d'inscription et engagez-vous sur la voie de l'accr\u00e9ditation pour le domaine de soins de sant\u00e9 de votre choix.\",\"breadcrumb\":{\"@id\":\"https:\/\/www.ccpe-cfpc.org\/fr\/how-to-register\/#breadcrumb\"},\"inLanguage\":\"fr-FR\",\"potentialAction\":[{\"@type\":\"ReadAction\",\"target\":[\"https:\/\/www.ccpe-cfpc.org\/fr\/how-to-register\/\"]}]},{\"@type\":\"BreadcrumbList\",\"@id\":\"https:\/\/www.ccpe-cfpc.org\/fr\/how-to-register\/#breadcrumb\",\"itemListElement\":[{\"@type\":\"ListItem\",\"position\":1,\"name\":\"Home\",\"item\":\"https:\/\/www.ccpe-cfpc.org\/fr\/\"},{\"@type\":\"ListItem\",\"position\":2,\"name\":\"Proc\u00e9dure d&#8217;inscription\"}]},{\"@type\":\"WebSite\",\"@id\":\"https:\/\/www.ccpe-cfpc.org\/en\/#website\",\"url\":\"https:\/\/www.ccpe-cfpc.org\/en\/\",\"name\":\"CCPE-CFPC\",\"description\":\"\",\"potentialAction\":[{\"@type\":\"SearchAction\",\"target\":{\"@type\":\"EntryPoint\",\"urlTemplate\":\"https:\/\/www.ccpe-cfpc.org\/en\/?s={search_term_string}\"},\"query-input\":{\"@type\":\"PropertyValueSpecification\",\"valueRequired\":true,\"valueName\":\"search_term_string\"}}],\"inLanguage\":\"fr-FR\"}]}<\/script>\n<!-- \/ Yoast SEO plugin. -->","yoast_head_json":{"title":"Comment s'inscrire aux cours de la formation pharmaceutique continue (CFPC)","description":"Pr\u00eat \u00e0 vous inscrire \u00e0 l'un des programmes pharmaceutiques en ligne du CFPC? D\u00e9couvrez le processus d'inscription et engagez-vous sur la voie de l'accr\u00e9ditation pour le domaine de soins de sant\u00e9 de votre choix.","robots":{"index":"index","follow":"follow","max-snippet":"max-snippet:-1","max-image-preview":"max-image-preview:large","max-video-preview":"max-video-preview:-1"},"canonical":"https:\/\/www.ccpe-cfpc.org\/fr\/how-to-register\/","og_locale":"fr_FR","og_type":"article","og_title":"Comment s'inscrire aux cours de la formation pharmaceutique continue (CFPC)","og_description":"Pr\u00eat \u00e0 vous inscrire \u00e0 l'un des programmes pharmaceutiques en ligne du CFPC? D\u00e9couvrez le processus d'inscription et engagez-vous sur la voie de l'accr\u00e9ditation pour le domaine de soins de sant\u00e9 de votre choix.","og_url":"https:\/\/www.ccpe-cfpc.org\/fr\/how-to-register\/","og_site_name":"CCPE-CFPC","article_modified_time":"2025-01-02T19:24:08+00:00","twitter_card":"summary_large_image","twitter_misc":{"Dur\u00e9e de lecture estim\u00e9e":"3 minutes"},"schema":{"@context":"https:\/\/schema.org","@graph":[{"@type":"WebPage","@id":"https:\/\/www.ccpe-cfpc.org\/fr\/how-to-register\/","url":"https:\/\/www.ccpe-cfpc.org\/fr\/how-to-register\/","name":"Comment s'inscrire aux cours de la formation pharmaceutique continue (CFPC)","isPartOf":{"@id":"https:\/\/www.ccpe-cfpc.org\/en\/#website"},"datePublished":"2018-02-12T15:20:17+00:00","dateModified":"2025-01-02T19:24:08+00:00","description":"Pr\u00eat \u00e0 vous inscrire \u00e0 l'un des programmes pharmaceutiques en ligne du CFPC? D\u00e9couvrez le processus d'inscription et engagez-vous sur la voie de l'accr\u00e9ditation pour le domaine de soins de sant\u00e9 de votre choix.","breadcrumb":{"@id":"https:\/\/www.ccpe-cfpc.org\/fr\/how-to-register\/#breadcrumb"},"inLanguage":"fr-FR","potentialAction":[{"@type":"ReadAction","target":["https:\/\/www.ccpe-cfpc.org\/fr\/how-to-register\/"]}]},{"@type":"BreadcrumbList","@id":"https:\/\/www.ccpe-cfpc.org\/fr\/how-to-register\/#breadcrumb","itemListElement":[{"@type":"ListItem","position":1,"name":"Home","item":"https:\/\/www.ccpe-cfpc.org\/fr\/"},{"@type":"ListItem","position":2,"name":"Proc\u00e9dure d&#8217;inscription"}]},{"@type":"WebSite","@id":"https:\/\/www.ccpe-cfpc.org\/en\/#website","url":"https:\/\/www.ccpe-cfpc.org\/en\/","name":"CCPE-CFPC","description":"","potentialAction":[{"@type":"SearchAction","target":{"@type":"EntryPoint","urlTemplate":"https:\/\/www.ccpe-cfpc.org\/en\/?s={search_term_string}"},"query-input":{"@type":"PropertyValueSpecification","valueRequired":true,"valueName":"search_term_string"}}],"inLanguage":"fr-FR"}]}},"_links":{"self":[{"href":"https:\/\/www.ccpe-cfpc.org\/fr\/wp-json\/wp\/v2\/pages\/7736","targetHints":{"allow":["GET"]}}],"collection":[{"href":"https:\/\/www.ccpe-cfpc.org\/fr\/wp-json\/wp\/v2\/pages"}],"about":[{"href":"https:\/\/www.ccpe-cfpc.org\/fr\/wp-json\/wp\/v2\/types\/page"}],"author":[{"embeddable":true,"href":"https:\/\/www.ccpe-cfpc.org\/fr\/wp-json\/wp\/v2\/users\/9"}],"replies":[{"embeddable":true,"href":"https:\/\/www.ccpe-cfpc.org\/fr\/wp-json\/wp\/v2\/comments?post=7736"}],"version-history":[{"count":0,"href":"https:\/\/www.ccpe-cfpc.org\/fr\/wp-json\/wp\/v2\/pages\/7736\/revisions"}],"wp:attachment":[{"href":"https:\/\/www.ccpe-cfpc.org\/fr\/wp-json\/wp\/v2\/media?parent=7736"}],"curies":[{"name":"wp","href":"https:\/\/api.w.org\/{rel}","templated":true}]}}