{"id":10556,"date":"2018-01-22T14:45:03","date_gmt":"2018-01-22T18:45:03","guid":{"rendered":"https:\/\/www.ccpe-cfpc.org\/candidacy-form\/"},"modified":"2021-11-16T12:03:27","modified_gmt":"2021-11-16T17:03:27","slug":"candidacy-form","status":"publish","type":"page","link":"https:\/\/www.ccpe-cfpc.org\/fr\/candidacy-form\/","title":{"rendered":"Bulletin de pr\u00e9sentation"},"content":{"rendered":"<div class=\"wpb-content-wrapper\"><p>[vc_row][vc_column width=&#8221;1\/6&#8243;][\/vc_column][vc_column width=&#8221;2\/3&#8243;]<script type=\"text\/javascript\">\n\/* <![CDATA[ *\/\nvar gform;gform||(document.addEventListener(\"gform_main_scripts_loaded\",function(){gform.scriptsLoaded=!0}),document.addEventListener(\"gform\/theme\/scripts_loaded\",function(){gform.themeScriptsLoaded=!0}),window.addEventListener(\"DOMContentLoaded\",function(){gform.domLoaded=!0}),gform={domLoaded:!1,scriptsLoaded:!1,themeScriptsLoaded:!1,isFormEditor:()=>\"function\"==typeof InitializeEditor,callIfLoaded:function(o){return!(!gform.domLoaded||!gform.scriptsLoaded||!gform.themeScriptsLoaded&&!gform.isFormEditor()||(gform.isFormEditor()&&console.warn(\"The use of gform.initializeOnLoaded() is deprecated in the form editor context and will be removed in Gravity Forms 3.1.\"),o(),0))},initializeOnLoaded:function(o){gform.callIfLoaded(o)||(document.addEventListener(\"gform_main_scripts_loaded\",()=>{gform.scriptsLoaded=!0,gform.callIfLoaded(o)}),document.addEventListener(\"gform\/theme\/scripts_loaded\",()=>{gform.themeScriptsLoaded=!0,gform.callIfLoaded(o)}),window.addEventListener(\"DOMContentLoaded\",()=>{gform.domLoaded=!0,gform.callIfLoaded(o)}))},hooks:{action:{},filter:{}},addAction:function(o,r,e,t){gform.addHook(\"action\",o,r,e,t)},addFilter:function(o,r,e,t){gform.addHook(\"filter\",o,r,e,t)},doAction:function(o){gform.doHook(\"action\",o,arguments)},applyFilters:function(o){return gform.doHook(\"filter\",o,arguments)},removeAction:function(o,r){gform.removeHook(\"action\",o,r)},removeFilter:function(o,r,e){gform.removeHook(\"filter\",o,r,e)},addHook:function(o,r,e,t,n){null==gform.hooks[o][r]&&(gform.hooks[o][r]=[]);var d=gform.hooks[o][r];null==n&&(n=r+\"_\"+d.length),gform.hooks[o][r].push({tag:n,callable:e,priority:t=null==t?10:t})},doHook:function(r,o,e){var t;if(e=Array.prototype.slice.call(e,1),null!=gform.hooks[r][o]&&((o=gform.hooks[r][o]).sort(function(o,r){return o.priority-r.priority}),o.forEach(function(o){\"function\"!=typeof(t=o.callable)&&(t=window[t]),\"action\"==r?t.apply(null,e):e[0]=t.apply(null,e)})),\"filter\"==r)return e[0]},removeHook:function(o,r,t,n){var e;null!=gform.hooks[o][r]&&(e=(e=gform.hooks[o][r]).filter(function(o,r,e){return!!(null!=n&&n!=o.tag||null!=t&&t!=o.priority)}),gform.hooks[o][r]=e)}});\n\/* ]]> *\/\n<\/script>\n\n                <div class='gf_browser_gecko gform_wrapper gform_legacy_markup_wrapper gform-theme--no-framework' data-form-theme='legacy' data-form-index='0' id='gform_wrapper_9' ><div id='gf_9' class='gform_anchor' tabindex='-1'><\/div>\n                        <div class='gform_heading'>\n                            <h3 class=\"gform_title\">Bulletin de pr\u00e9sentation pour d\u00e9l\u00e9gu\u00e9(e)s r\u00e9gionaux<\/h3>\n                        <\/div><form method='post' enctype='multipart\/form-data' target='gform_ajax_frame_9' id='gform_9'  action='\/fr\/wp-json\/wp\/v2\/pages\/10556#gf_9' data-formid='9' novalidate>\n                        <div class='gform-body gform_body'><ul id='gform_fields_9' class='gform_fields top_label form_sublabel_below description_below validation_below'><li id=\"field_9_10\" class=\"gfield gfield--type-name field_sublabel_below gfield--no-description field_description_below field_validation_below gfield_visibility_visible\"  ><label class='gfield_label gform-field-label gfield_label_before_complex' >Nom<\/label><div class='ginput_complex ginput_container ginput_container--name no_prefix has_first_name no_middle_name has_last_name no_suffix gf_name_has_2 ginput_container_name gform-grid-row' id='input_9_10'>\n                            \n                            <span id='input_9_10_3_container' class='name_first gform-grid-col gform-grid-col--size-auto' >\n                                                    <input type='text' name='input_10.3' id='input_9_10_3' value=''   aria-required='false'     \/>\n                                                    <label for='input_9_10_3' class='gform-field-label gform-field-label--type-sub '>Pr\u00e9nom<\/label>\n                                                <\/span>\n                            \n                            <span id='input_9_10_6_container' class='name_last gform-grid-col gform-grid-col--size-auto' >\n                                                    <input type='text' name='input_10.6' id='input_9_10_6' value=''   aria-required='false'     \/>\n                                                    <label for='input_9_10_6' class='gform-field-label gform-field-label--type-sub '>Nom<\/label>\n                                                <\/span>\n                            \n                        <\/div><\/li><li id=\"field_9_24\" class=\"gfield gfield--type-text field_sublabel_below gfield--no-description field_description_below field_validation_below gfield_visibility_visible\"  ><label class='gfield_label gform-field-label' for='input_9_24'>No. d&#039;\u00e9tudiant NIP (facultatif)<\/label><div class='ginput_container ginput_container_text'><input name='input_24' id='input_9_24' type='text' value='' class='small' maxlength='6'   placeholder='123456'  aria-invalid=\"false\"   \/><\/div><\/li><li id=\"field_9_20\" class=\"gfield gfield--type-address field_sublabel_below gfield--no-description field_description_below field_validation_below gfield_visibility_visible\"  ><label class='gfield_label gform-field-label gfield_label_before_complex' >Adresse<\/label>    \n                    <div class='ginput_complex ginput_container has_street has_street2 has_city has_state has_zip ginput_container_address gform-grid-row' id='input_9_20' >\n                         <span class='ginput_full address_line_1 ginput_address_line_1 gform-grid-col' id='input_9_20_1_container' >\n                                        <input type='text' name='input_20.1' id='input_9_20_1' value=''    aria-required='false'    \/>\n                                        <label for='input_9_20_1' id='input_9_20_1_label' class='gform-field-label gform-field-label--type-sub '>Adresse postale<\/label>\n                                    <\/span><span class='ginput_full address_line_2 ginput_address_line_2 gform-grid-col' id='input_9_20_2_container' >\n                                        <input type='text' name='input_20.2' id='input_9_20_2' value=''     aria-required='false'   \/>\n                                        <label for='input_9_20_2' id='input_9_20_2_label' class='gform-field-label gform-field-label--type-sub '>Adresse ligne 2<\/label>\n                                    <\/span><span class='ginput_left address_city ginput_address_city gform-grid-col' id='input_9_20_3_container' >\n                                    <input type='text' name='input_20.3' id='input_9_20_3' value=''    aria-required='false'    \/>\n                                    <label for='input_9_20_3' id='input_9_20_3_label' class='gform-field-label gform-field-label--type-sub '>Ville<\/label>\n                                 <\/span><span class='ginput_right address_state ginput_address_state gform-grid-col' id='input_9_20_4_container' >\n                                        <select name='input_20.4' id='input_9_20_4'     aria-required='false'    ><option value='' ><\/option><option value='Alberta' >Alberta<\/option><option value='Colombie-Britannique' >Colombie-Britannique<\/option><option value='Manitoba' >Manitoba<\/option><option value='Nouveau-Brunswick' >Nouveau-Brunswick<\/option><option value='Terre-Neuve-et-Labrador' >Terre-Neuve-et-Labrador<\/option><option value='Territoires du Nord-Ouest' >Territoires du Nord-Ouest<\/option><option value='Nouvelle-\u00c9cosse' >Nouvelle-\u00c9cosse<\/option><option value='Nunavut' >Nunavut<\/option><option value='Ontario' selected='selected'>Ontario<\/option><option value='\u00cele du Prince-\u00c9douard' >\u00cele du Prince-\u00c9douard<\/option><option value='Qu\u00e9bec' >Qu\u00e9bec<\/option><option value='Saskatchewan' >Saskatchewan<\/option><option value='Yukon' >Yukon<\/option><\/select>\n                                        <label for='input_9_20_4' id='input_9_20_4_label' class='gform-field-label gform-field-label--type-sub '>Province<\/label>\n                                      <\/span><span class='ginput_left address_zip ginput_address_zip gform-grid-col' id='input_9_20_5_container' >\n                                    <input type='text' name='input_20.5' id='input_9_20_5' value=''    aria-required='false'    \/>\n                                    <label for='input_9_20_5' id='input_9_20_5_label' class='gform-field-label gform-field-label--type-sub '>Code postal<\/label>\n                                <\/span><input type='hidden' class='gform_hidden' name='input_20.6' id='input_9_20_6' value='Canada' \/>\n                    <div class='gf_clear gf_clear_complex'><\/div>\n                <\/div><\/li><li id=\"field_9_14\" class=\"gfield gfield--type-email gfield_contains_required field_sublabel_below gfield--no-description field_description_below field_validation_below gfield_visibility_visible\"  ><label class='gfield_label gform-field-label' for='input_9_14'>Adresse courriel<span class=\"gfield_required\"><span class=\"gfield_required gfield_required_asterisk\">*<\/span><\/span><\/label><div class='ginput_container ginput_container_email'>\n                            <input name='input_14' id='input_9_14' type='email' value='' class='medium'    aria-required=\"true\" aria-invalid=\"false\"  \/>\n                        <\/div><\/li><li id=\"field_9_21\" class=\"gfield gfield--type-text gfield_contains_required field_sublabel_below gfield--no-description field_description_below field_validation_below gfield_visibility_visible\"  ><label class='gfield_label gform-field-label' for='input_9_21'>Compagnie<span class=\"gfield_required\"><span class=\"gfield_required gfield_required_asterisk\">*<\/span><\/span><\/label><div class='ginput_container ginput_container_text'><input name='input_21' id='input_9_21' type='text' value='' class='medium'     aria-required=\"true\" aria-invalid=\"false\"   \/><\/div><\/li><li id=\"field_9_22\" class=\"gfield gfield--type-textarea field_sublabel_below gfield--no-description field_description_below field_validation_below gfield_visibility_visible\"  ><label class='gfield_label gform-field-label' for='input_9_22'>Notes biographiques (900 caract\u00e8res maximum)<\/label><div class='ginput_container ginput_container_textarea'><textarea name='input_22' id='input_9_22' class='textarea medium'   maxlength='900'   aria-invalid=\"false\"   rows='10' cols='50'><\/textarea><\/div><\/li><li id=\"field_9_23\" class=\"gfield gfield--type-textarea field_sublabel_below gfield--no-description field_description_below field_validation_below gfield_visibility_visible\"  ><label class='gfield_label gform-field-label' for='input_9_23'>Raisons motivant votre candidature (450 caract\u00e8res maximum)<\/label><div class='ginput_container ginput_container_textarea'><textarea name='input_23' id='input_9_23' class='textarea medium'   maxlength='450'   aria-invalid=\"false\"   rows='10' cols='50'><\/textarea><\/div><\/li><li id=\"field_9_25\" class=\"gfield gfield--type-honeypot gform_validation_container field_sublabel_below gfield--has-description field_description_below field_validation_below gfield_visibility_visible\"  ><label class='gfield_label gform-field-label' for='input_9_25'>Phone<\/label><div class='ginput_container'><input name='input_25' id='input_9_25' type='text' value='' autocomplete='new-password'\/><\/div><div class='gfield_description' id='gfield_description_9_25'>Ce champ n\u2019est utilis\u00e9 qu\u2019\u00e0 des fins de validation et devrait rester inchang\u00e9.<\/div><\/li><\/ul><\/div>\n        <div class='gform-footer gform_footer top_label'> <input type='submit' id='gform_submit_button_9' class='gform_button button' onclick='gform.submission.handleButtonClick(this);' data-submission-type='submit' value='Envoyer mon bulletin de pr\u00e9sentation au CFPC'  \/> <input type='hidden' name='gform_ajax' value='form_id=9&amp;title=1&amp;description=&amp;tabindex=0&amp;theme=legacy&amp;styles=[]&amp;hash=4836f7714cfdb1899578f51874b0d088' \/>\n            <input type='hidden' class='gform_hidden' name='gform_submission_method' data-js='gform_submission_method_9' value='iframe' \/>\n            <input type='hidden' class='gform_hidden' name='gform_theme' data-js='gform_theme_9' id='gform_theme_9' value='legacy' \/>\n            <input type='hidden' class='gform_hidden' name='gform_style_settings' data-js='gform_style_settings_9' id='gform_style_settings_9' value='[]' \/>\n            <input type='hidden' class='gform_hidden' name='is_submit_9' value='1' \/>\n            <input type='hidden' class='gform_hidden' name='gform_submit' value='9' \/>\n            \n            <input type='hidden' class='gform_hidden' name='gform_unique_id' value='' \/>\n            <input type='hidden' class='gform_hidden' name='state_9' value='WyJbXSIsImE3YWE0NDQ1ZjM5ODY0MDI5ODM5MmExZmZhYmQxOTc5Il0=' \/>\n            <input type='hidden' autocomplete='off' class='gform_hidden' name='gform_target_page_number_9' id='gform_target_page_number_9' value='0' \/>\n            <input type='hidden' autocomplete='off' class='gform_hidden' name='gform_source_page_number_9' id='gform_source_page_number_9' value='1' \/>\n            <input type='hidden' name='gform_field_values' value='' \/>\n            \n        <\/div>\n                        <\/form>\n                        <\/div>\n\t\t                <iframe style='display:none;width:0px;height:0px;' src='about:blank' name='gform_ajax_frame_9' id='gform_ajax_frame_9' title='Cette iframe contient la logique n\u00e9cessaire pour manipuler Gravity Forms avec Ajax.'><\/iframe>\n\t\t                <script type=\"text\/javascript\">\n\/* <![CDATA[ *\/\n gform.initializeOnLoaded( function() {gformInitSpinner( 9, 'https:\/\/www.ccpe-cfpc.org\/wp-content\/plugins\/gravityforms\/images\/spinner.svg', true );jQuery('#gform_ajax_frame_9').on('load',function(){var contents = jQuery(this).contents().find('*').html();var is_postback = contents.indexOf('GF_AJAX_POSTBACK') >= 0;if(!is_postback){return;}var form_content = jQuery(this).contents().find('#gform_wrapper_9');var is_confirmation = jQuery(this).contents().find('#gform_confirmation_wrapper_9').length > 0;var is_redirect = contents.indexOf('gformRedirect(){') >= 0;var is_form = form_content.length > 0 && ! is_redirect && ! is_confirmation;var mt = parseInt(jQuery('html').css('margin-top'), 10) + parseInt(jQuery('body').css('margin-top'), 10) + 100;if(is_form){jQuery('#gform_wrapper_9').html(form_content.html());if(form_content.hasClass('gform_validation_error')){jQuery('#gform_wrapper_9').addClass('gform_validation_error');} else {jQuery('#gform_wrapper_9').removeClass('gform_validation_error');}setTimeout( function() { \/* delay the scroll by 50 milliseconds to fix a bug in chrome *\/ jQuery(document).scrollTop(jQuery('#gform_wrapper_9').offset().top - mt); }, 50 );if(window['gformInitDatepicker']) {gformInitDatepicker();}if(window['gformInitPriceFields']) {gformInitPriceFields();}var current_page = jQuery('#gform_source_page_number_9').val();gformInitSpinner( 9, 'https:\/\/www.ccpe-cfpc.org\/wp-content\/plugins\/gravityforms\/images\/spinner.svg', true );jQuery(document).trigger('gform_page_loaded', [9, current_page]);window['gf_submitting_9'] = false;}else if(!is_redirect){var confirmation_content = jQuery(this).contents().find('.GF_AJAX_POSTBACK').html();if(!confirmation_content){confirmation_content = contents;}jQuery('#gform_wrapper_9').replaceWith(confirmation_content);jQuery(document).scrollTop(jQuery('#gf_9').offset().top - mt);jQuery(document).trigger('gform_confirmation_loaded', [9]);window['gf_submitting_9'] = false;wp.a11y.speak(jQuery('#gform_confirmation_message_9').text());}else{jQuery('#gform_9').append(contents);if(window['gformRedirect']) {gformRedirect();}}jQuery(document).trigger(\"gform_pre_post_render\", [{ formId: \"9\", currentPage: \"current_page\", abort: function() { this.preventDefault(); } }]);        if (event && event.defaultPrevented) {                return;        }        const gformWrapperDiv = document.getElementById( \"gform_wrapper_9\" );        if ( gformWrapperDiv ) {            const visibilitySpan = document.createElement( \"span\" );            visibilitySpan.id = \"gform_visibility_test_9\";            gformWrapperDiv.insertAdjacentElement( \"afterend\", visibilitySpan );        }        const visibilityTestDiv = document.getElementById( \"gform_visibility_test_9\" );        let postRenderFired = false;        function triggerPostRender() {            if ( postRenderFired ) {                return;            }            postRenderFired = true;            gform.core.triggerPostRenderEvents( 9, current_page );            if ( visibilityTestDiv ) {                visibilityTestDiv.parentNode.removeChild( visibilityTestDiv );            }        }        function debounce( func, wait, immediate ) {            var timeout;            return function() {                var context = this, args = arguments;                var later = function() {                    timeout = null;                    if ( !immediate ) func.apply( context, args );                };                var callNow = immediate && !timeout;                clearTimeout( timeout );                timeout = setTimeout( later, wait );                if ( callNow ) func.apply( context, args );            };        }        const debouncedTriggerPostRender = debounce( function() {            triggerPostRender();        }, 200 );        if ( visibilityTestDiv && visibilityTestDiv.offsetParent === null ) {            const observer = new MutationObserver( ( mutations ) => {                mutations.forEach( ( mutation ) => {                    if ( mutation.type === 'attributes' && visibilityTestDiv.offsetParent !== null ) {                        debouncedTriggerPostRender();                        observer.disconnect();                    }                });            });            observer.observe( document.body, {                attributes: true,                childList: false,                subtree: true,                attributeFilter: [ 'style', 'class' ],            });        } else {            triggerPostRender();        }    } );} ); \n\/* ]]> *\/\n<\/script>\n[\/vc_column][vc_column width=&#8221;1\/6&#8243;][\/vc_column][\/vc_row][vc_row][vc_column][vc_separator color=&#8221;custom&#8221; border_width=&#8221;3&#8243; accent_color=&#8221;#0053a0&#8243;][vc_column_text]<\/p>\n<p class=\"style50\"><span class=\"style71\"><span class=\"style73\"><span class=\"style13\"><span class=\"style74\"><strong><span class=\"style46\">Data Privacy Policy<em>:<\/em><\/span><\/strong><br \/>\n<\/span><\/span><\/span><\/span><span class=\"style74\">The Council for Continuing Pharmaceutical Education (CCPE) recognizes and respects the privacy interest of individuals with regard to personal information provided to us.<br \/>\n<\/span><\/p>\n<p class=\"style74\"><strong><span class=\"style91\">How do we use this personal information?<\/span><\/strong><br \/>\nPersonal information collected by us through the CCPE Online Registration Form will only be used to respond to your request.<\/p>\n<p class=\"style74\"><span class=\"style91\"><strong>How do we safeguard personal information?<\/strong> <\/span><br \/>\nThe Council for Continuing Pharmaceutical Education (CCPE) uses Secure Sockets Layer (SSL) encryption when collecting or transferring sensitive data. SSL encryption is designed to make the information unreadable by anyone but us. This security measure is working when you see either the symbol of an unbroken key or closed lock (depending on your browser) on the bottom of your browser window.<\/p>\n<p class=\"style74\"><strong><span class=\"style91\">Your consent<\/span> <\/strong><br \/>\nBy providing personal information to us, you consent to the collection and use of the personal information in accordance with the purposes described in this privacy statement.<\/p>\n<p>[\/vc_column_text][vc_separator color=&#8221;custom&#8221; accent_color=&#8221;#0053a0&#8243;][\/vc_column][\/vc_row]<\/p>\n<\/div>","protected":false},"excerpt":{"rendered":"<p>[vc_row][vc_column width=&#8221;1\/6&#8243;][\/vc_column][vc_column width=&#8221;2\/3&#8243;][\/vc_column][vc_column width=&#8221;1\/6&#8243;][\/vc_column][\/vc_row][vc_row][vc_column][vc_separator color=&#8221;custom&#8221; border_width=&#8221;3&#8243; accent_color=&#8221;#0053a0&#8243;][vc_column_text] Data Privacy Policy: The Council for Continuing Pharmaceutical Education (CCPE) recognizes and respects the privacy interest of individuals with regard to personal information provided to us. How do we use this personal information? &hellip; <\/p>\n","protected":false},"author":9,"featured_media":0,"parent":0,"menu_order":0,"comment_status":"closed","ping_status":"closed","template":"","meta":{"footnotes":""},"class_list":["post-10556","page","type-page","status-publish","hentry"],"yoast_head":"<!-- This site is optimized with the Yoast SEO plugin v25.6 - https:\/\/yoast.com\/wordpress\/plugins\/seo\/ -->\n<title>Bulletin de pr\u00e9sentation - CCPE-CFPC<\/title>\n<meta name=\"description\" content=\"Regional Delegates are a vital link between the CCPE Board of Directors and the Pharmaceutical community within their respective regions.\" \/>\n<meta name=\"robots\" content=\"index, follow, max-snippet:-1, max-image-preview:large, max-video-preview:-1\" \/>\n<link rel=\"canonical\" href=\"https:\/\/www.ccpe-cfpc.org\/fr\/candidacy-form\/\" \/>\n<meta property=\"og:locale\" content=\"fr_FR\" \/>\n<meta property=\"og:type\" content=\"article\" \/>\n<meta property=\"og:title\" content=\"Bulletin de pr\u00e9sentation - CCPE-CFPC\" \/>\n<meta property=\"og:description\" content=\"Regional Delegates are a vital link between the CCPE Board of Directors and the Pharmaceutical community within their respective regions.\" \/>\n<meta property=\"og:url\" content=\"https:\/\/www.ccpe-cfpc.org\/fr\/candidacy-form\/\" \/>\n<meta property=\"og:site_name\" content=\"CCPE-CFPC\" \/>\n<meta property=\"article:modified_time\" content=\"2021-11-16T17:03:27+00:00\" \/>\n<meta name=\"twitter:card\" content=\"summary_large_image\" \/>\n<meta name=\"twitter:label1\" content=\"Dur\u00e9e de lecture estim\u00e9e\" \/>\n\t<meta name=\"twitter:data1\" content=\"1 minute\" \/>\n<script type=\"application\/ld+json\" class=\"yoast-schema-graph\">{\"@context\":\"https:\/\/schema.org\",\"@graph\":[{\"@type\":\"WebPage\",\"@id\":\"https:\/\/www.ccpe-cfpc.org\/fr\/candidacy-form\/\",\"url\":\"https:\/\/www.ccpe-cfpc.org\/fr\/candidacy-form\/\",\"name\":\"Bulletin de pr\u00e9sentation - CCPE-CFPC\",\"isPartOf\":{\"@id\":\"https:\/\/www.ccpe-cfpc.org\/en\/#website\"},\"datePublished\":\"2018-01-22T18:45:03+00:00\",\"dateModified\":\"2021-11-16T17:03:27+00:00\",\"description\":\"Regional Delegates are a vital link between the CCPE Board of Directors and the Pharmaceutical community within their respective regions.\",\"breadcrumb\":{\"@id\":\"https:\/\/www.ccpe-cfpc.org\/fr\/candidacy-form\/#breadcrumb\"},\"inLanguage\":\"fr-FR\",\"potentialAction\":[{\"@type\":\"ReadAction\",\"target\":[\"https:\/\/www.ccpe-cfpc.org\/fr\/candidacy-form\/\"]}]},{\"@type\":\"BreadcrumbList\",\"@id\":\"https:\/\/www.ccpe-cfpc.org\/fr\/candidacy-form\/#breadcrumb\",\"itemListElement\":[{\"@type\":\"ListItem\",\"position\":1,\"name\":\"Home\",\"item\":\"https:\/\/www.ccpe-cfpc.org\/fr\/\"},{\"@type\":\"ListItem\",\"position\":2,\"name\":\"Bulletin de pr\u00e9sentation\"}]},{\"@type\":\"WebSite\",\"@id\":\"https:\/\/www.ccpe-cfpc.org\/en\/#website\",\"url\":\"https:\/\/www.ccpe-cfpc.org\/en\/\",\"name\":\"CCPE-CFPC\",\"description\":\"\",\"potentialAction\":[{\"@type\":\"SearchAction\",\"target\":{\"@type\":\"EntryPoint\",\"urlTemplate\":\"https:\/\/www.ccpe-cfpc.org\/en\/?s={search_term_string}\"},\"query-input\":{\"@type\":\"PropertyValueSpecification\",\"valueRequired\":true,\"valueName\":\"search_term_string\"}}],\"inLanguage\":\"fr-FR\"}]}<\/script>\n<!-- \/ Yoast SEO plugin. -->","yoast_head_json":{"title":"Bulletin de pr\u00e9sentation - CCPE-CFPC","description":"Regional Delegates are a vital link between the CCPE Board of Directors and the Pharmaceutical community within their respective regions.","robots":{"index":"index","follow":"follow","max-snippet":"max-snippet:-1","max-image-preview":"max-image-preview:large","max-video-preview":"max-video-preview:-1"},"canonical":"https:\/\/www.ccpe-cfpc.org\/fr\/candidacy-form\/","og_locale":"fr_FR","og_type":"article","og_title":"Bulletin de pr\u00e9sentation - CCPE-CFPC","og_description":"Regional Delegates are a vital link between the CCPE Board of Directors and the Pharmaceutical community within their respective regions.","og_url":"https:\/\/www.ccpe-cfpc.org\/fr\/candidacy-form\/","og_site_name":"CCPE-CFPC","article_modified_time":"2021-11-16T17:03:27+00:00","twitter_card":"summary_large_image","twitter_misc":{"Dur\u00e9e de lecture estim\u00e9e":"1 minute"},"schema":{"@context":"https:\/\/schema.org","@graph":[{"@type":"WebPage","@id":"https:\/\/www.ccpe-cfpc.org\/fr\/candidacy-form\/","url":"https:\/\/www.ccpe-cfpc.org\/fr\/candidacy-form\/","name":"Bulletin de pr\u00e9sentation - CCPE-CFPC","isPartOf":{"@id":"https:\/\/www.ccpe-cfpc.org\/en\/#website"},"datePublished":"2018-01-22T18:45:03+00:00","dateModified":"2021-11-16T17:03:27+00:00","description":"Regional Delegates are a vital link between the CCPE Board of Directors and the Pharmaceutical community within their respective regions.","breadcrumb":{"@id":"https:\/\/www.ccpe-cfpc.org\/fr\/candidacy-form\/#breadcrumb"},"inLanguage":"fr-FR","potentialAction":[{"@type":"ReadAction","target":["https:\/\/www.ccpe-cfpc.org\/fr\/candidacy-form\/"]}]},{"@type":"BreadcrumbList","@id":"https:\/\/www.ccpe-cfpc.org\/fr\/candidacy-form\/#breadcrumb","itemListElement":[{"@type":"ListItem","position":1,"name":"Home","item":"https:\/\/www.ccpe-cfpc.org\/fr\/"},{"@type":"ListItem","position":2,"name":"Bulletin de pr\u00e9sentation"}]},{"@type":"WebSite","@id":"https:\/\/www.ccpe-cfpc.org\/en\/#website","url":"https:\/\/www.ccpe-cfpc.org\/en\/","name":"CCPE-CFPC","description":"","potentialAction":[{"@type":"SearchAction","target":{"@type":"EntryPoint","urlTemplate":"https:\/\/www.ccpe-cfpc.org\/en\/?s={search_term_string}"},"query-input":{"@type":"PropertyValueSpecification","valueRequired":true,"valueName":"search_term_string"}}],"inLanguage":"fr-FR"}]}},"_links":{"self":[{"href":"https:\/\/www.ccpe-cfpc.org\/fr\/wp-json\/wp\/v2\/pages\/10556","targetHints":{"allow":["GET"]}}],"collection":[{"href":"https:\/\/www.ccpe-cfpc.org\/fr\/wp-json\/wp\/v2\/pages"}],"about":[{"href":"https:\/\/www.ccpe-cfpc.org\/fr\/wp-json\/wp\/v2\/types\/page"}],"author":[{"embeddable":true,"href":"https:\/\/www.ccpe-cfpc.org\/fr\/wp-json\/wp\/v2\/users\/9"}],"replies":[{"embeddable":true,"href":"https:\/\/www.ccpe-cfpc.org\/fr\/wp-json\/wp\/v2\/comments?post=10556"}],"version-history":[{"count":0,"href":"https:\/\/www.ccpe-cfpc.org\/fr\/wp-json\/wp\/v2\/pages\/10556\/revisions"}],"wp:attachment":[{"href":"https:\/\/www.ccpe-cfpc.org\/fr\/wp-json\/wp\/v2\/media?parent=10556"}],"curies":[{"name":"wp","href":"https:\/\/api.w.org\/{rel}","templated":true}]}}